{"id":16736,"date":"2024-02-19T21:16:52","date_gmt":"2024-02-19T21:16:52","guid":{"rendered":"https:\/\/eve.kracmedia.com\/?page_id=16736"},"modified":"2024-03-10T07:27:13","modified_gmt":"2024-03-10T07:27:13","slug":"la-cryolipolyse","status":"publish","type":"page","link":"https:\/\/eve.kracmedia.com\/en\/la-cryolipolyse\/","title":{"rendered":"La cryolipolyse"},"content":{"rendered":"<div data-elementor-type=\"wp-page\" data-elementor-id=\"16736\" class=\"elementor elementor-16736\" data-elementor-post-type=\"page\">\n\t\t\t\t<div data-particle_enable=\"false\" data-particle-mobile-disabled=\"false\" class=\"elementor-element elementor-element-f6f5e57 e-con-full e-flex e-con e-parent\" data-id=\"f6f5e57\" data-element_type=\"container\" data-settings=\"{&quot;background_background&quot;:&quot;classic&quot;}\">\n\t\t\t\t<div class=\"elementor-element elementor-element-ba80e35 e-transform elementor-widget elementor-widget-heading\" data-id=\"ba80e35\" data-element_type=\"widget\" data-settings=\"{&quot;_transform_rotateZ_effect&quot;:{&quot;unit&quot;:&quot;px&quot;,&quot;size&quot;:-10,&quot;sizes&quot;:[]},&quot;_transform_rotateZ_effect_tablet&quot;:{&quot;unit&quot;:&quot;deg&quot;,&quot;size&quot;:&quot;&quot;,&quot;sizes&quot;:[]},&quot;_transform_rotateZ_effect_mobile&quot;:{&quot;unit&quot;:&quot;deg&quot;,&quot;size&quot;:&quot;&quot;,&quot;sizes&quot;:[]}}\" data-widget_type=\"heading.default\">\n\t\t\t\t<div class=\"elementor-widget-container\">\n\t\t\t\t\t<h2 class=\"elementor-heading-title elementor-size-default\">La cryolipolyse<\/h2>\t\t\t\t<\/div>\n\t\t\t\t<\/div>\n\t\t\t\t<\/div>\n\t\t<div data-particle_enable=\"false\" data-particle-mobile-disabled=\"false\" class=\"elementor-element elementor-element-ed708e7 e-con-full e-flex e-con e-parent\" data-id=\"ed708e7\" data-element_type=\"container\" data-settings=\"{&quot;background_background&quot;:&quot;classic&quot;}\">\n\t\t\t\t<div class=\"elementor-element elementor-element-78e00df elementor-widget elementor-widget-heading\" data-id=\"78e00df\" data-element_type=\"widget\" data-widget_type=\"heading.default\">\n\t\t\t\t<div class=\"elementor-widget-container\">\n\t\t\t\t\t<h2 class=\"elementor-heading-title elementor-size-default\">La cryolipolyse<\/h2>\t\t\t\t<\/div>\n\t\t\t\t<\/div>\n\t\t\t\t<div class=\"elementor-element elementor-element-0b30d93 elementor-widget elementor-widget-text-editor\" data-id=\"0b30d93\" data-element_type=\"widget\" data-widget_type=\"text-editor.default\">\n\t\t\t\t<div class=\"elementor-widget-container\">\n\t\t\t\t\t\t\t\t\t<p>La cryolipolyse est une technique de plus en plus populaire pour \u00e9liminer les graisses localis\u00e9es sans chirurgie ni temps d&rsquo;arr\u00eat significatif. Cette proc\u00e9dure, \u00e9galement connue sous le nom de \u00ab\u00a0coolsculpting\u00a0\u00bb, fonctionne en utilisant un dispositif qui refroidit les cellules adipeuses pour les d\u00e9truire, ce qui entra\u00eene une r\u00e9duction de la couche de graisse dans la zone trait\u00e9e.<\/p>\t\t\t\t\t\t\t\t<\/div>\n\t\t\t\t<\/div>\n\t\t\t\t<\/div>\n\t\t<div data-particle_enable=\"false\" data-particle-mobile-disabled=\"false\" class=\"elementor-element elementor-element-39f694d e-con-full e-flex e-con e-parent\" data-id=\"39f694d\" data-element_type=\"container\" data-settings=\"{&quot;background_background&quot;:&quot;classic&quot;}\">\n\t\t<div data-particle_enable=\"false\" data-particle-mobile-disabled=\"false\" class=\"elementor-element elementor-element-268b5c3 e-con-full e-flex e-con e-child\" data-id=\"268b5c3\" data-element_type=\"container\">\n\t\t<div data-particle_enable=\"false\" data-particle-mobile-disabled=\"false\" class=\"elementor-element elementor-element-dfb6478 e-con-full e-flex e-con e-child\" data-id=\"dfb6478\" data-element_type=\"container\" data-settings=\"{&quot;background_background&quot;:&quot;classic&quot;}\">\n\t\t\t\t<div class=\"elementor-element elementor-element-57e9cb5 elementor-widget elementor-widget-heading\" data-id=\"57e9cb5\" data-element_type=\"widget\" data-widget_type=\"heading.default\">\n\t\t\t\t<div class=\"elementor-widget-container\">\n\t\t\t\t\t<h2 class=\"elementor-heading-title elementor-size-default\">D\u00e9roulement d'un traitement en clinique<\/h2>\t\t\t\t<\/div>\n\t\t\t\t<\/div>\n\t\t\t\t<div class=\"elementor-element elementor-element-c4b8249 elementor-widget elementor-widget-text-editor\" data-id=\"c4b8249\" data-element_type=\"widget\" data-widget_type=\"text-editor.default\">\n\t\t\t\t<div class=\"elementor-widget-container\">\n\t\t\t\t\t\t\t\t\t<p>Lors d&rsquo;une s\u00e9ance de cryolipolyse, un professionnel de sant\u00e9 applique un applicateur sp\u00e9cifique sur la zone \u00e0 traiter. L&rsquo;applicateur refroidit ensuite la zone \u00e0 une temp\u00e9rature contr\u00f4l\u00e9e pendant une p\u00e9riode d\u00e9termin\u00e9e, g\u00e9n\u00e9ralement entre 35 et 75 minutes. Pendant ce temps, les cellules graisseuses sont refroidies \u00e0 une temp\u00e9rature inf\u00e9rieure \u00e0 la normale, ce qui les cristallise et les endommage de mani\u00e8re irr\u00e9versible.<\/p>\t\t\t\t\t\t\t\t<\/div>\n\t\t\t\t<\/div>\n\t\t\t\t<\/div>\n\t\t\t\t<\/div>\n\t\t<div data-particle_enable=\"false\" data-particle-mobile-disabled=\"false\" class=\"elementor-element elementor-element-5e13f59 e-con-full e-flex e-con e-child\" data-id=\"5e13f59\" data-element_type=\"container\">\n\t\t<div data-particle_enable=\"false\" data-particle-mobile-disabled=\"false\" class=\"elementor-element elementor-element-1fcf0d0 e-con-full e-flex e-con e-child\" data-id=\"1fcf0d0\" data-element_type=\"container\" data-settings=\"{&quot;background_background&quot;:&quot;classic&quot;}\">\n\t\t\t\t<div class=\"elementor-element elementor-element-d1bde52 elementor-widget elementor-widget-heading\" data-id=\"d1bde52\" data-element_type=\"widget\" data-widget_type=\"heading.default\">\n\t\t\t\t<div class=\"elementor-widget-container\">\n\t\t\t\t\t<h2 class=\"elementor-heading-title elementor-size-default\">Effets \u00e0 court terme<\/h2>\t\t\t\t<\/div>\n\t\t\t\t<\/div>\n\t\t\t\t<div class=\"elementor-element elementor-element-e2f5565 elementor-widget elementor-widget-text-editor\" data-id=\"e2f5565\" data-element_type=\"widget\" data-widget_type=\"text-editor.default\">\n\t\t\t\t<div class=\"elementor-widget-container\">\n\t\t\t\t\t\t\t\t\t<p>Apr\u00e8s la s\u00e9ance, la peau peut appara\u00eetre rouge et gonfl\u00e9e, et la zone trait\u00e9e peut \u00eatre sensible au toucher. Ces effets disparaissent g\u00e9n\u00e9ralement en quelques jours \u00e0 quelques semaines. Certains patients peuvent ressentir des picotements, des crampes ou une sensation de froid intense pendant ou apr\u00e8s le traitement.<\/p>\t\t\t\t\t\t\t\t<\/div>\n\t\t\t\t<\/div>\n\t\t\t\t<\/div>\n\t\t\t\t<div class=\"elementor-element elementor-element-60cb4c1 elementor-widget elementor-widget-image\" data-id=\"60cb4c1\" data-element_type=\"widget\" data-widget_type=\"image.default\">\n\t\t\t\t<div class=\"elementor-widget-container\">\n\t\t\t\t\t\t\t\t\t\t\t\t\t\t\t<img fetchpriority=\"high\" decoding=\"async\" width=\"533\" height=\"800\" src=\"https:\/\/eve.kracmedia.com\/wp-content\/uploads\/2024\/03\/1EDOAE9KBH3yaOdlzauTwW_HWi_OszFTiXrZPAnm2HZz2We171Q-533x800.jpeg\" class=\"attachment-large size-large wp-image-17656\" alt=\"\" srcset=\"https:\/\/eve.kracmedia.com\/wp-content\/uploads\/2024\/03\/1EDOAE9KBH3yaOdlzauTwW_HWi_OszFTiXrZPAnm2HZz2We171Q-533x800.jpeg 533w, https:\/\/eve.kracmedia.com\/wp-content\/uploads\/2024\/03\/1EDOAE9KBH3yaOdlzauTwW_HWi_OszFTiXrZPAnm2HZz2We171Q-200x300.jpeg 200w, https:\/\/eve.kracmedia.com\/wp-content\/uploads\/2024\/03\/1EDOAE9KBH3yaOdlzauTwW_HWi_OszFTiXrZPAnm2HZz2We171Q-430x645.jpeg 430w, https:\/\/eve.kracmedia.com\/wp-content\/uploads\/2024\/03\/1EDOAE9KBH3yaOdlzauTwW_HWi_OszFTiXrZPAnm2HZz2We171Q.jpeg 570w\" sizes=\"(max-width: 533px) 100vw, 533px\" \/>\t\t\t\t\t\t\t\t\t\t\t\t\t\t\t<\/div>\n\t\t\t\t<\/div>\n\t\t\t\t<\/div>\n\t\t<div data-particle_enable=\"false\" data-particle-mobile-disabled=\"false\" class=\"elementor-element elementor-element-c77553a e-con-full e-flex e-con e-child\" data-id=\"c77553a\" data-element_type=\"container\">\n\t\t<div data-particle_enable=\"false\" data-particle-mobile-disabled=\"false\" class=\"elementor-element elementor-element-312bf83 e-con-full e-flex e-con e-child\" data-id=\"312bf83\" data-element_type=\"container\" data-settings=\"{&quot;background_background&quot;:&quot;classic&quot;}\">\n\t\t\t\t<div class=\"elementor-element elementor-element-e5578e2 elementor-widget elementor-widget-heading\" data-id=\"e5578e2\" data-element_type=\"widget\" data-widget_type=\"heading.default\">\n\t\t\t\t<div class=\"elementor-widget-container\">\n\t\t\t\t\t<h2 class=\"elementor-heading-title elementor-size-default\">Effets \u00e0 long terme<\/h2>\t\t\t\t<\/div>\n\t\t\t\t<\/div>\n\t\t\t\t<div class=\"elementor-element elementor-element-4df7e13 elementor-widget elementor-widget-text-editor\" data-id=\"4df7e13\" data-element_type=\"widget\" data-widget_type=\"text-editor.default\">\n\t\t\t\t<div class=\"elementor-widget-container\">\n\t\t\t\t\t\t\t\t\t<p>Les cellules graisseuses endommag\u00e9es par la cryolipolyse sont progressivement \u00e9limin\u00e9es naturellement par le corps au cours des semaines suivant le traitement. Une fois que les cellules graisseuses sont \u00e9limin\u00e9es, elles ne reviennent pas, ce qui signifie que les r\u00e9sultats de la cryolipolyse sont permanents si un poids stable est maintenu.<\/p>\t\t\t\t\t\t\t\t<\/div>\n\t\t\t\t<\/div>\n\t\t\t\t<\/div>\n\t\t\t\t<\/div>\n\t\t\t\t<\/div>\n\t\t<div data-particle_enable=\"false\" data-particle-mobile-disabled=\"false\" class=\"elementor-element elementor-element-a7f101d e-con-full e-flex e-con e-parent\" data-id=\"a7f101d\" data-element_type=\"container\" data-settings=\"{&quot;background_background&quot;:&quot;classic&quot;}\">\n\t\t<div data-particle_enable=\"false\" data-particle-mobile-disabled=\"false\" class=\"elementor-element elementor-element-01d3234 e-con-full e-flex e-con e-child\" data-id=\"01d3234\" data-element_type=\"container\">\n\t\t<div data-particle_enable=\"false\" data-particle-mobile-disabled=\"false\" class=\"elementor-element elementor-element-d87940f e-con-full e-flex e-con e-child\" data-id=\"d87940f\" data-element_type=\"container\" data-settings=\"{&quot;background_background&quot;:&quot;classic&quot;}\">\n\t\t\t\t<div class=\"elementor-element elementor-element-b40cc2d elementor-widget elementor-widget-heading\" data-id=\"b40cc2d\" data-element_type=\"widget\" data-widget_type=\"heading.default\">\n\t\t\t\t<div class=\"elementor-widget-container\">\n\t\t\t\t\t<h2 class=\"elementor-heading-title elementor-size-default\">Bienfaits esth\u00e9tiques<\/h2>\t\t\t\t<\/div>\n\t\t\t\t<\/div>\n\t\t\t\t<div class=\"elementor-element elementor-element-27439c9 elementor-widget elementor-widget-text-editor\" data-id=\"27439c9\" data-element_type=\"widget\" data-widget_type=\"text-editor.default\">\n\t\t\t\t<div class=\"elementor-widget-container\">\n\t\t\t\t\t\t\t\t\t<p>La cryolipolyse est efficace pour r\u00e9duire les poign\u00e9es d&rsquo;amour, le ventre, les cuisses, les bras et d&rsquo;autres zones o\u00f9 les graisses localis\u00e9es sont un probl\u00e8me. Les r\u00e9sultats peuvent varier d&rsquo;une personne \u00e0 l&rsquo;autre, mais de nombreux patients constatent une r\u00e9duction significative de la circonf\u00e9rence de la zone trait\u00e9e et une am\u00e9lioration de leur silhouette.<\/p>\t\t\t\t\t\t\t\t<\/div>\n\t\t\t\t<\/div>\n\t\t\t\t<\/div>\n\t\t\t\t<\/div>\n\t\t<div data-particle_enable=\"false\" data-particle-mobile-disabled=\"false\" class=\"elementor-element elementor-element-57f8798 e-con-full e-flex e-con e-child\" data-id=\"57f8798\" data-element_type=\"container\">\n\t\t<div data-particle_enable=\"false\" data-particle-mobile-disabled=\"false\" class=\"elementor-element elementor-element-c7ce416 e-con-full e-flex e-con e-child\" data-id=\"c7ce416\" data-element_type=\"container\" data-settings=\"{&quot;background_background&quot;:&quot;classic&quot;}\">\n\t\t\t\t<div class=\"elementor-element elementor-element-604b39e elementor-widget elementor-widget-heading\" data-id=\"604b39e\" data-element_type=\"widget\" data-widget_type=\"heading.default\">\n\t\t\t\t<div class=\"elementor-widget-container\">\n\t\t\t\t\t<h2 class=\"elementor-heading-title elementor-size-default\">Explications du proc\u00e9d\u00e9<\/h2>\t\t\t\t<\/div>\n\t\t\t\t<\/div>\n\t\t\t\t<div class=\"elementor-element elementor-element-8b3ecc5 elementor-widget elementor-widget-text-editor\" data-id=\"8b3ecc5\" data-element_type=\"widget\" data-widget_type=\"text-editor.default\">\n\t\t\t\t<div class=\"elementor-widget-container\">\n\t\t\t\t\t\t\t\t\t<p>La cryolipolyse repose sur le principe que les cellules graisseuses sont plus sensibles au froid que les autres types de cellules. En refroidissant s\u00e9lectivement les cellules graisseuses, la proc\u00e9dure entra\u00eene leur destruction tout en pr\u00e9servant les autres tissus environnants, tels que la peau, les muscles et les nerfs<\/p>\t\t\t\t\t\t\t\t<\/div>\n\t\t\t\t<\/div>\n\t\t\t\t<\/div>\n\t\t\t\t<div class=\"elementor-element elementor-element-a3cfe52 elementor-widget elementor-widget-image\" data-id=\"a3cfe52\" data-element_type=\"widget\" data-widget_type=\"image.default\">\n\t\t\t\t<div class=\"elementor-widget-container\">\n\t\t\t\t\t\t\t\t\t\t\t\t\t\t\t<img decoding=\"async\" width=\"450\" height=\"800\" src=\"https:\/\/eve.kracmedia.com\/wp-content\/uploads\/2024\/03\/1Se8d7L-xsYFJivHuoOQn9uyxI0fK_t6_K5MlXjqYUY1bDLpyYA-450x800.jpeg\" class=\"attachment-large size-large wp-image-17657\" alt=\"\" srcset=\"https:\/\/eve.kracmedia.com\/wp-content\/uploads\/2024\/03\/1Se8d7L-xsYFJivHuoOQn9uyxI0fK_t6_K5MlXjqYUY1bDLpyYA-450x800.jpeg 450w, https:\/\/eve.kracmedia.com\/wp-content\/uploads\/2024\/03\/1Se8d7L-xsYFJivHuoOQn9uyxI0fK_t6_K5MlXjqYUY1bDLpyYA-169x300.jpeg 169w, https:\/\/eve.kracmedia.com\/wp-content\/uploads\/2024\/03\/1Se8d7L-xsYFJivHuoOQn9uyxI0fK_t6_K5MlXjqYUY1bDLpyYA-768x1365.jpeg 768w, https:\/\/eve.kracmedia.com\/wp-content\/uploads\/2024\/03\/1Se8d7L-xsYFJivHuoOQn9uyxI0fK_t6_K5MlXjqYUY1bDLpyYA-864x1536.jpeg 864w, https:\/\/eve.kracmedia.com\/wp-content\/uploads\/2024\/03\/1Se8d7L-xsYFJivHuoOQn9uyxI0fK_t6_K5MlXjqYUY1bDLpyYA-430x764.jpeg 430w, https:\/\/eve.kracmedia.com\/wp-content\/uploads\/2024\/03\/1Se8d7L-xsYFJivHuoOQn9uyxI0fK_t6_K5MlXjqYUY1bDLpyYA-700x1244.jpeg 700w, https:\/\/eve.kracmedia.com\/wp-content\/uploads\/2024\/03\/1Se8d7L-xsYFJivHuoOQn9uyxI0fK_t6_K5MlXjqYUY1bDLpyYA.jpeg 900w\" sizes=\"(max-width: 450px) 100vw, 450px\" \/>\t\t\t\t\t\t\t\t\t\t\t\t\t\t\t<\/div>\n\t\t\t\t<\/div>\n\t\t\t\t<\/div>\n\t\t<div data-particle_enable=\"false\" data-particle-mobile-disabled=\"false\" class=\"elementor-element elementor-element-1e56bfe e-con-full e-flex e-con e-child\" data-id=\"1e56bfe\" data-element_type=\"container\">\n\t\t<div data-particle_enable=\"false\" data-particle-mobile-disabled=\"false\" class=\"elementor-element elementor-element-9f91361 e-con-full e-flex e-con e-child\" data-id=\"9f91361\" data-element_type=\"container\" data-settings=\"{&quot;background_background&quot;:&quot;classic&quot;}\">\n\t\t\t\t<div class=\"elementor-element elementor-element-acbc804 elementor-widget elementor-widget-heading\" data-id=\"acbc804\" data-element_type=\"widget\" data-widget_type=\"heading.default\">\n\t\t\t\t<div class=\"elementor-widget-container\">\n\t\t\t\t\t<h2 class=\"elementor-heading-title elementor-size-default\">In conclusion<\/h2>\t\t\t\t<\/div>\n\t\t\t\t<\/div>\n\t\t\t\t<div class=\"elementor-element elementor-element-6d7a932 elementor-widget elementor-widget-text-editor\" data-id=\"6d7a932\" data-element_type=\"widget\" data-widget_type=\"text-editor.default\">\n\t\t\t\t<div class=\"elementor-widget-container\">\n\t\t\t\t\t\t\t\t\t<p>la cryolipolyse est une option non invasive et efficace pour \u00e9liminer les graisses localis\u00e9es, offrant des r\u00e9sultats durables et une r\u00e9cup\u00e9ration rapide. Cependant, il est important de consulter un professionnel de sant\u00e9 qualifi\u00e9 pour d\u00e9terminer si cette proc\u00e9dure est adapt\u00e9e \u00e0 vos besoins.<\/p>\t\t\t\t\t\t\t\t<\/div>\n\t\t\t\t<\/div>\n\t\t\t\t<\/div>\n\t\t\t\t<\/div>\n\t\t\t\t<\/div>\n\t\t\t\t<\/div>","protected":false},"excerpt":{"rendered":"<p>La cryolipolyse chez Eve Laser \u00e0 Brossard est la solution id\u00e9ale pour sculpter votre corps sans douleur ni temps de r\u00e9cup\u00e9ration. D\u00e9couvrez le pouvoir de nos traitements personnalis\u00e9s.<\/p>","protected":false},"author":4,"featured_media":0,"parent":0,"menu_order":0,"comment_status":"closed","ping_status":"closed","template":"elementor_header_footer","meta":{"_eb_attr":"","footnotes":""},"class_list":["post-16736","page","type-page","status-publish","hentry"],"_links":{"self":[{"href":"https:\/\/eve.kracmedia.com\/en\/wp-json\/wp\/v2\/pages\/16736","targetHints":{"allow":["GET"]}}],"collection":[{"href":"https:\/\/eve.kracmedia.com\/en\/wp-json\/wp\/v2\/pages"}],"about":[{"href":"https:\/\/eve.kracmedia.com\/en\/wp-json\/wp\/v2\/types\/page"}],"author":[{"embeddable":true,"href":"https:\/\/eve.kracmedia.com\/en\/wp-json\/wp\/v2\/users\/4"}],"replies":[{"embeddable":true,"href":"https:\/\/eve.kracmedia.com\/en\/wp-json\/wp\/v2\/comments?post=16736"}],"version-history":[{"count":0,"href":"https:\/\/eve.kracmedia.com\/en\/wp-json\/wp\/v2\/pages\/16736\/revisions"}],"wp:attachment":[{"href":"https:\/\/eve.kracmedia.com\/en\/wp-json\/wp\/v2\/media?parent=16736"}],"curies":[{"name":"wp","href":"https:\/\/api.w.org\/{rel}","templated":true}]}}