{"id":16717,"date":"2024-02-19T21:02:00","date_gmt":"2024-02-19T21:02:00","guid":{"rendered":"https:\/\/eve.kracmedia.com\/?page_id=16717"},"modified":"2024-03-10T07:32:38","modified_gmt":"2024-03-10T07:32:38","slug":"le-ems-sculpting","status":"publish","type":"page","link":"https:\/\/eve.kracmedia.com\/en\/le-ems-sculpting\/","title":{"rendered":"Le ems sculpting"},"content":{"rendered":"<div data-elementor-type=\"wp-page\" data-elementor-id=\"16717\" class=\"elementor elementor-16717\" data-elementor-post-type=\"page\">\n\t\t\t\t<div data-particle_enable=\"false\" data-particle-mobile-disabled=\"false\" class=\"elementor-element elementor-element-21e7cbef e-con-full e-flex e-con e-parent\" data-id=\"21e7cbef\" data-element_type=\"container\" data-settings=\"{&quot;background_background&quot;:&quot;classic&quot;}\">\n\t\t\t\t<div class=\"elementor-element elementor-element-413b21a6 e-transform elementor-widget elementor-widget-heading\" data-id=\"413b21a6\" data-element_type=\"widget\" data-settings=\"{&quot;_transform_rotateZ_effect&quot;:{&quot;unit&quot;:&quot;px&quot;,&quot;size&quot;:-10,&quot;sizes&quot;:[]},&quot;_transform_rotateZ_effect_tablet&quot;:{&quot;unit&quot;:&quot;deg&quot;,&quot;size&quot;:&quot;&quot;,&quot;sizes&quot;:[]},&quot;_transform_rotateZ_effect_mobile&quot;:{&quot;unit&quot;:&quot;deg&quot;,&quot;size&quot;:&quot;&quot;,&quot;sizes&quot;:[]}}\" data-widget_type=\"heading.default\">\n\t\t\t\t<div class=\"elementor-widget-container\">\n\t\t\t\t\t<h2 class=\"elementor-heading-title elementor-size-default\">ems sculpting<\/h2>\t\t\t\t<\/div>\n\t\t\t\t<\/div>\n\t\t\t\t<\/div>\n\t\t<div data-particle_enable=\"false\" data-particle-mobile-disabled=\"false\" class=\"elementor-element elementor-element-5e606709 e-con-full e-flex e-con e-parent\" data-id=\"5e606709\" data-element_type=\"container\" data-settings=\"{&quot;background_background&quot;:&quot;classic&quot;}\">\n\t\t\t\t<div class=\"elementor-element elementor-element-76b29e08 elementor-widget elementor-widget-heading\" data-id=\"76b29e08\" data-element_type=\"widget\" data-widget_type=\"heading.default\">\n\t\t\t\t<div class=\"elementor-widget-container\">\n\t\t\t\t\t<h2 class=\"elementor-heading-title elementor-size-default\">ems sculpting<\/h2>\t\t\t\t<\/div>\n\t\t\t\t<\/div>\n\t\t\t\t<div class=\"elementor-element elementor-element-3efd45d9 elementor-widget elementor-widget-text-editor\" data-id=\"3efd45d9\" data-element_type=\"widget\" data-widget_type=\"text-editor.default\">\n\t\t\t\t<div class=\"elementor-widget-container\">\n\t\t\t\t\t\t\t\t\t<p>Electrostimulation in aesthetic clinics is a non-surgical technique designed to tone and firm the skin and reshape the body. Here are the benefits and typical procedure of an electrostimulation session, as well as short- and long-term effects<\/p>\t\t\t\t\t\t\t\t<\/div>\n\t\t\t\t<\/div>\n\t\t\t\t<\/div>\n\t\t<div data-particle_enable=\"false\" data-particle-mobile-disabled=\"false\" class=\"elementor-element elementor-element-3f8e59fb e-flex e-con-boxed e-con e-parent\" data-id=\"3f8e59fb\" data-element_type=\"container\" data-settings=\"{&quot;background_background&quot;:&quot;classic&quot;}\">\n\t\t\t\t\t<div class=\"e-con-inner\">\n\t\t\t\t<div class=\"elementor-element elementor-element-315f0a33 elementor-widget elementor-widget-heading\" data-id=\"315f0a33\" data-element_type=\"widget\" data-widget_type=\"heading.default\">\n\t\t\t\t<div class=\"elementor-widget-container\">\n\t\t\t\t\t<h2 class=\"elementor-heading-title elementor-size-default\">Benefits of electrostimulation in aesthetic clinics :\n<\/h2>\t\t\t\t<\/div>\n\t\t\t\t<\/div>\n\t\t\t\t\t<\/div>\n\t\t\t\t<\/div>\n\t\t<div data-particle_enable=\"false\" data-particle-mobile-disabled=\"false\" class=\"elementor-element elementor-element-7a9124f7 e-con-full e-flex e-con e-parent\" data-id=\"7a9124f7\" data-element_type=\"container\" data-settings=\"{&quot;background_background&quot;:&quot;classic&quot;}\">\n\t\t<div data-particle_enable=\"false\" data-particle-mobile-disabled=\"false\" class=\"elementor-element elementor-element-421aa35c e-con-full e-flex e-con e-child\" data-id=\"421aa35c\" data-element_type=\"container\">\n\t\t<div data-particle_enable=\"false\" data-particle-mobile-disabled=\"false\" class=\"elementor-element elementor-element-776b0303 e-con-full e-flex e-con e-child\" data-id=\"776b0303\" data-element_type=\"container\" data-settings=\"{&quot;background_background&quot;:&quot;classic&quot;}\">\n\t\t\t\t<div class=\"elementor-element elementor-element-4e2ba5ec elementor-widget elementor-widget-heading\" data-id=\"4e2ba5ec\" data-element_type=\"widget\" data-widget_type=\"heading.default\">\n\t\t\t\t<div class=\"elementor-widget-container\">\n\t\t\t\t\t<h2 class=\"elementor-heading-title elementor-size-default\">Skin firming<\/h2>\t\t\t\t<\/div>\n\t\t\t\t<\/div>\n\t\t\t\t<div class=\"elementor-element elementor-element-15ea383 elementor-widget elementor-widget-text-editor\" data-id=\"15ea383\" data-element_type=\"widget\" data-widget_type=\"text-editor.default\">\n\t\t\t\t<div class=\"elementor-widget-container\">\n\t\t\t\t\t\t\t\t\t<p>Electrostimulation stimulates subcutaneous muscles, which can help firm skin and reduce the appearance of cellulite. Muscle toning: By stimulating muscles, electrostimulation can help improve tone and definition. Localized fat reduction: Although electrostimulation is not a means of weight loss, it can help reduce localized fat when combined with a healthy lifestyle. Improved blood circulation: Electrostimulation can promote better blood circulation, which can have beneficial effects on skin health. Course of an electrostimulation session in an aesthetic clinic<\/p>\t\t\t\t\t\t\t\t<\/div>\n\t\t\t\t<\/div>\n\t\t\t\t<\/div>\n\t\t\t\t<\/div>\n\t\t<div data-particle_enable=\"false\" data-particle-mobile-disabled=\"false\" class=\"elementor-element elementor-element-2379c4a0 e-con-full e-flex e-con e-child\" data-id=\"2379c4a0\" data-element_type=\"container\">\n\t\t<div data-particle_enable=\"false\" data-particle-mobile-disabled=\"false\" class=\"elementor-element elementor-element-461ccf3d e-con-full e-flex e-con e-child\" data-id=\"461ccf3d\" data-element_type=\"container\" data-settings=\"{&quot;background_background&quot;:&quot;classic&quot;}\">\n\t\t\t\t<div class=\"elementor-element elementor-element-6d93ae6b elementor-widget elementor-widget-heading\" data-id=\"6d93ae6b\" data-element_type=\"widget\" data-widget_type=\"heading.default\">\n\t\t\t\t<div class=\"elementor-widget-container\">\n\t\t\t\t\t<h2 class=\"elementor-heading-title elementor-size-default\">Initial consultation <\/h2>\t\t\t\t<\/div>\n\t\t\t\t<\/div>\n\t\t\t\t<div class=\"elementor-element elementor-element-1717b5ca elementor-widget elementor-widget-text-editor\" data-id=\"1717b5ca\" data-element_type=\"widget\" data-widget_type=\"text-editor.default\">\n\t\t\t\t<div class=\"elementor-widget-container\">\n\t\t\t\t\t\t\t\t\t<p>Before starting treatment, a consultation with an aesthetic professional is usually necessary to assess your needs and determine whether electrostimulation is right for you.<\/p>\t\t\t\t\t\t\t\t<\/div>\n\t\t\t\t<\/div>\n\t\t\t\t<\/div>\n\t\t<div data-particle_enable=\"false\" data-particle-mobile-disabled=\"false\" class=\"elementor-element elementor-element-75fa4e6 e-con-full e-flex e-con e-child\" data-id=\"75fa4e6\" data-element_type=\"container\" data-settings=\"{&quot;background_background&quot;:&quot;classic&quot;}\">\n\t\t\t\t<div class=\"elementor-element elementor-element-b77482d elementor-widget elementor-widget-heading\" data-id=\"b77482d\" data-element_type=\"widget\" data-widget_type=\"heading.default\">\n\t\t\t\t<div class=\"elementor-widget-container\">\n\t\t\t\t\t<h2 class=\"elementor-heading-title elementor-size-default\">\u00a0Skin preparation<\/h2>\t\t\t\t<\/div>\n\t\t\t\t<\/div>\n\t\t\t\t<div class=\"elementor-element elementor-element-280fbfd elementor-widget elementor-widget-text-editor\" data-id=\"280fbfd\" data-element_type=\"widget\" data-widget_type=\"text-editor.default\">\n\t\t\t\t<div class=\"elementor-widget-container\">\n\t\t\t\t\t\t\t\t\t<p>\u00a0Skin preparation: The skin is cleansed and electrodes are placed on the areas to be treated.\u00a0<\/p>\t\t\t\t\t\t\t\t<\/div>\n\t\t\t\t<\/div>\n\t\t\t\t<\/div>\n\t\t\t\t<\/div>\n\t\t\t\t<\/div>\n\t\t<div data-particle_enable=\"false\" data-particle-mobile-disabled=\"false\" class=\"elementor-element elementor-element-5e223694 e-con-full e-flex e-con e-parent\" data-id=\"5e223694\" data-element_type=\"container\" data-settings=\"{&quot;background_background&quot;:&quot;classic&quot;}\">\n\t\t<div data-particle_enable=\"false\" data-particle-mobile-disabled=\"false\" class=\"elementor-element elementor-element-37042e93 e-con-full e-flex e-con e-child\" data-id=\"37042e93\" data-element_type=\"container\">\n\t\t<div data-particle_enable=\"false\" data-particle-mobile-disabled=\"false\" class=\"elementor-element elementor-element-1846c e-con-full e-flex e-con e-child\" data-id=\"1846c\" data-element_type=\"container\" data-settings=\"{&quot;background_background&quot;:&quot;classic&quot;}\">\n\t\t\t\t<div class=\"elementor-element elementor-element-0af6e17 elementor-widget elementor-widget-image\" data-id=\"0af6e17\" data-element_type=\"widget\" data-widget_type=\"image.default\">\n\t\t\t\t<div class=\"elementor-widget-container\">\n\t\t\t\t\t\t\t\t\t\t\t\t\t\t\t<img fetchpriority=\"high\" decoding=\"async\" width=\"533\" height=\"800\" src=\"https:\/\/eve.kracmedia.com\/wp-content\/uploads\/2024\/03\/1hdTUdi553uTDiIkA9PBsSev-z0Dq63KYdWowmz3QZCpNbA8qfQ-533x800.jpeg\" class=\"attachment-large size-large wp-image-17648\" alt=\"\" srcset=\"https:\/\/eve.kracmedia.com\/wp-content\/uploads\/2024\/03\/1hdTUdi553uTDiIkA9PBsSev-z0Dq63KYdWowmz3QZCpNbA8qfQ-533x800.jpeg 533w, https:\/\/eve.kracmedia.com\/wp-content\/uploads\/2024\/03\/1hdTUdi553uTDiIkA9PBsSev-z0Dq63KYdWowmz3QZCpNbA8qfQ-200x300.jpeg 200w, https:\/\/eve.kracmedia.com\/wp-content\/uploads\/2024\/03\/1hdTUdi553uTDiIkA9PBsSev-z0Dq63KYdWowmz3QZCpNbA8qfQ-430x645.jpeg 430w, https:\/\/eve.kracmedia.com\/wp-content\/uploads\/2024\/03\/1hdTUdi553uTDiIkA9PBsSev-z0Dq63KYdWowmz3QZCpNbA8qfQ-700x1050.jpeg 700w, https:\/\/eve.kracmedia.com\/wp-content\/uploads\/2024\/03\/1hdTUdi553uTDiIkA9PBsSev-z0Dq63KYdWowmz3QZCpNbA8qfQ.jpeg 736w\" sizes=\"(max-width: 533px) 100vw, 533px\" \/>\t\t\t\t\t\t\t\t\t\t\t\t\t\t\t<\/div>\n\t\t\t\t<\/div>\n\t\t\t\t<div class=\"elementor-element elementor-element-3df5fa65 elementor-widget elementor-widget-heading\" data-id=\"3df5fa65\" data-element_type=\"widget\" data-widget_type=\"heading.default\">\n\t\t\t\t<div class=\"elementor-widget-container\">\n\t\t\t\t\t<h2 class=\"elementor-heading-title elementor-size-default\">Electrostimulation session<\/h2>\t\t\t\t<\/div>\n\t\t\t\t<\/div>\n\t\t\t\t<div class=\"elementor-element elementor-element-125e5e2c elementor-widget elementor-widget-text-editor\" data-id=\"125e5e2c\" data-element_type=\"widget\" data-widget_type=\"text-editor.default\">\n\t\t\t\t<div class=\"elementor-widget-container\">\n\t\t\t\t\t\t\t\t\t<p>During the session, electrical impulses are sent to the muscles, causing them to contract. You may feel a tingling or twitching sensation during treatment.<\/p>\t\t\t\t\t\t\t\t<\/div>\n\t\t\t\t<\/div>\n\t\t\t\t<\/div>\n\t\t\t\t<\/div>\n\t\t<div data-particle_enable=\"false\" data-particle-mobile-disabled=\"false\" class=\"elementor-element elementor-element-6539bd32 e-con-full e-flex e-con e-child\" data-id=\"6539bd32\" data-element_type=\"container\">\n\t\t<div data-particle_enable=\"false\" data-particle-mobile-disabled=\"false\" class=\"elementor-element elementor-element-1986be99 e-con-full e-flex e-con e-child\" data-id=\"1986be99\" data-element_type=\"container\" data-settings=\"{&quot;background_background&quot;:&quot;classic&quot;}\">\n\t\t\t\t<div class=\"elementor-element elementor-element-25e983a1 elementor-widget elementor-widget-heading\" data-id=\"25e983a1\" data-element_type=\"widget\" data-widget_type=\"heading.default\">\n\t\t\t\t<div class=\"elementor-widget-container\">\n\t\t\t\t\t<h2 class=\"elementor-heading-title elementor-size-default\">Post-processing<\/h2>\t\t\t\t<\/div>\n\t\t\t\t<\/div>\n\t\t\t\t<div class=\"elementor-element elementor-element-458c43c0 elementor-widget elementor-widget-text-editor\" data-id=\"458c43c0\" data-element_type=\"widget\" data-widget_type=\"text-editor.default\">\n\t\t\t\t<div class=\"elementor-widget-container\">\n\t\t\t\t\t\t\t\t\t<p>After the session, it's important to follow the professional's recommendations, particularly with regard to skin care and activities to be avoided.<\/p>\t\t\t\t\t\t\t\t<\/div>\n\t\t\t\t<\/div>\n\t\t\t\t<\/div>\n\t\t\t\t<\/div>\n\t\t\t\t<\/div>\n\t\t<div data-particle_enable=\"false\" data-particle-mobile-disabled=\"false\" class=\"elementor-element elementor-element-d4cbfb5 e-con-full e-flex e-con e-parent\" data-id=\"d4cbfb5\" data-element_type=\"container\" data-settings=\"{&quot;background_background&quot;:&quot;classic&quot;}\">\n\t\t<div data-particle_enable=\"false\" data-particle-mobile-disabled=\"false\" class=\"elementor-element elementor-element-7a36e0fe e-con-full e-flex e-con e-child\" data-id=\"7a36e0fe\" data-element_type=\"container\">\n\t\t<div data-particle_enable=\"false\" data-particle-mobile-disabled=\"false\" class=\"elementor-element elementor-element-50514acd e-con-full e-flex e-con e-child\" data-id=\"50514acd\" data-element_type=\"container\" data-settings=\"{&quot;background_background&quot;:&quot;classic&quot;}\">\n\t\t\t\t<div class=\"elementor-element elementor-element-4eba61c5 elementor-widget elementor-widget-heading\" data-id=\"4eba61c5\" data-element_type=\"widget\" data-widget_type=\"heading.default\">\n\t\t\t\t<div class=\"elementor-widget-container\">\n\t\t\t\t\t<h2 class=\"elementor-heading-title elementor-size-default\">Short-term effects of electrostimulation<\/h2>\t\t\t\t<\/div>\n\t\t\t\t<\/div>\n\t\t\t\t<div class=\"elementor-element elementor-element-12ba3fa elementor-widget elementor-widget-text-editor\" data-id=\"12ba3fa\" data-element_type=\"widget\" data-widget_type=\"text-editor.default\">\n\t\t\t\t<div class=\"elementor-widget-container\">\n\t\t\t\t\t\t\t\t\t<p><strong>Feeling of muscle tone<\/strong> After the session, you may feel a sensation of firmness or muscle tone in the treated areas.<br \/><strong>Improved blood circulation:<\/strong> Some people notice an improvement in blood circulation and a feeling of lightness in the legs.<\/p>\t\t\t\t\t\t\t\t<\/div>\n\t\t\t\t<\/div>\n\t\t\t\t<div class=\"elementor-element elementor-element-b4af51f elementor-widget elementor-widget-image\" data-id=\"b4af51f\" data-element_type=\"widget\" data-widget_type=\"image.default\">\n\t\t\t\t<div class=\"elementor-widget-container\">\n\t\t\t\t\t\t\t\t\t\t\t\t\t\t\t<img decoding=\"async\" width=\"450\" height=\"800\" src=\"https:\/\/eve.kracmedia.com\/wp-content\/uploads\/2024\/03\/1pjcwabO5r4DKtTO4Qzxkxcjfyc0rH_Gv40lg6MiY8EeCLwKKZg-450x800.jpeg\" class=\"attachment-large size-large wp-image-17652\" alt=\"\" srcset=\"https:\/\/eve.kracmedia.com\/wp-content\/uploads\/2024\/03\/1pjcwabO5r4DKtTO4Qzxkxcjfyc0rH_Gv40lg6MiY8EeCLwKKZg-450x800.jpeg 450w, https:\/\/eve.kracmedia.com\/wp-content\/uploads\/2024\/03\/1pjcwabO5r4DKtTO4Qzxkxcjfyc0rH_Gv40lg6MiY8EeCLwKKZg-169x300.jpeg 169w, https:\/\/eve.kracmedia.com\/wp-content\/uploads\/2024\/03\/1pjcwabO5r4DKtTO4Qzxkxcjfyc0rH_Gv40lg6MiY8EeCLwKKZg-430x764.jpeg 430w, https:\/\/eve.kracmedia.com\/wp-content\/uploads\/2024\/03\/1pjcwabO5r4DKtTO4Qzxkxcjfyc0rH_Gv40lg6MiY8EeCLwKKZg-700x1244.jpeg 700w, https:\/\/eve.kracmedia.com\/wp-content\/uploads\/2024\/03\/1pjcwabO5r4DKtTO4Qzxkxcjfyc0rH_Gv40lg6MiY8EeCLwKKZg.jpeg 720w\" sizes=\"(max-width: 450px) 100vw, 450px\" \/>\t\t\t\t\t\t\t\t\t\t\t\t\t\t\t<\/div>\n\t\t\t\t<\/div>\n\t\t\t\t<\/div>\n\t\t\t\t<\/div>\n\t\t<div data-particle_enable=\"false\" data-particle-mobile-disabled=\"false\" class=\"elementor-element elementor-element-68bfb0c2 e-con-full e-flex e-con e-child\" data-id=\"68bfb0c2\" data-element_type=\"container\">\n\t\t<div data-particle_enable=\"false\" data-particle-mobile-disabled=\"false\" class=\"elementor-element elementor-element-4a56917f e-con-full e-flex e-con e-child\" data-id=\"4a56917f\" data-element_type=\"container\" data-settings=\"{&quot;background_background&quot;:&quot;classic&quot;}\">\n\t\t\t\t<div class=\"elementor-element elementor-element-1c6948b elementor-widget elementor-widget-heading\" data-id=\"1c6948b\" data-element_type=\"widget\" data-widget_type=\"heading.default\">\n\t\t\t\t<div class=\"elementor-widget-container\">\n\t\t\t\t\t<h2 class=\"elementor-heading-title elementor-size-default\">Long-term effects of electrostimulation<\/h2>\t\t\t\t<\/div>\n\t\t\t\t<\/div>\n\t\t\t\t<div class=\"elementor-element elementor-element-7d2ba030 elementor-widget elementor-widget-text-editor\" data-id=\"7d2ba030\" data-element_type=\"widget\" data-widget_type=\"text-editor.default\">\n\t\t\t\t<div class=\"elementor-widget-container\">\n\t\t\t\t\t\t\t\t\t<p><strong>Skin firming :<\/strong> With regular sessions, electrostimulation can help firm the skin and reduce the appearance of cellulite.<br \/><strong>Muscle toning :<\/strong> Electrostimulation can help improve muscle tone and sculpt certain areas of the body.<br \/><strong>Results maintenance :<\/strong> To maintain results, regular maintenance sessions may be necessary, in addition to adopting a healthy lifestyle.<br \/>It's important to note that the results of electrostimulation can vary from person to person, and that it's always advisable to consult a health professional before undertaking any aesthetic treatment.<\/p>\t\t\t\t\t\t\t\t<\/div>\n\t\t\t\t<\/div>\n\t\t\t\t<\/div>\n\t\t\t\t<\/div>\n\t\t\t\t<\/div>\n\t\t\t\t<\/div>","protected":false},"excerpt":{"rendered":"<p>\u00c0 la recherche d&rsquo;une solution pour sculpter votre corps? Le EMS sculpting \u00e0 Brossard chez Eve Laser est la r\u00e9ponse. D\u00e9couvrez comment nous pouvons vous aider \u00e0 atteindre vos objectifs corporels.<\/p>","protected":false},"author":4,"featured_media":0,"parent":0,"menu_order":0,"comment_status":"closed","ping_status":"closed","template":"elementor_header_footer","meta":{"_eb_attr":"","footnotes":""},"class_list":["post-16717","page","type-page","status-publish","hentry"],"_links":{"self":[{"href":"https:\/\/eve.kracmedia.com\/en\/wp-json\/wp\/v2\/pages\/16717","targetHints":{"allow":["GET"]}}],"collection":[{"href":"https:\/\/eve.kracmedia.com\/en\/wp-json\/wp\/v2\/pages"}],"about":[{"href":"https:\/\/eve.kracmedia.com\/en\/wp-json\/wp\/v2\/types\/page"}],"author":[{"embeddable":true,"href":"https:\/\/eve.kracmedia.com\/en\/wp-json\/wp\/v2\/users\/4"}],"replies":[{"embeddable":true,"href":"https:\/\/eve.kracmedia.com\/en\/wp-json\/wp\/v2\/comments?post=16717"}],"version-history":[{"count":0,"href":"https:\/\/eve.kracmedia.com\/en\/wp-json\/wp\/v2\/pages\/16717\/revisions"}],"wp:attachment":[{"href":"https:\/\/eve.kracmedia.com\/en\/wp-json\/wp\/v2\/media?parent=16717"}],"curies":[{"name":"wp","href":"https:\/\/api.w.org\/{rel}","templated":true}]}}