{"id":16344,"date":"2024-02-13T19:20:33","date_gmt":"2024-02-13T19:20:33","guid":{"rendered":"https:\/\/eve.kracmedia.com\/?page_id=16344"},"modified":"2024-03-11T07:29:04","modified_gmt":"2024-03-11T07:29:04","slug":"pilosite","status":"publish","type":"page","link":"https:\/\/eve.kracmedia.com\/en\/pilosite\/","title":{"rendered":"Pilosity"},"content":{"rendered":"<div data-elementor-type=\"wp-page\" data-elementor-id=\"16344\" class=\"elementor elementor-16344\" data-elementor-post-type=\"page\">\n\t\t\t\t<div data-particle_enable=\"false\" data-particle-mobile-disabled=\"false\" class=\"elementor-element elementor-element-5baa6cc2 e-con-full e-flex e-con e-parent\" data-id=\"5baa6cc2\" data-element_type=\"container\" data-settings=\"{&quot;background_background&quot;:&quot;classic&quot;}\">\n\t\t\t\t<div class=\"elementor-element elementor-element-20b1240e e-transform elementor-widget elementor-widget-heading\" data-id=\"20b1240e\" data-element_type=\"widget\" data-settings=\"{&quot;_transform_rotateZ_effect&quot;:{&quot;unit&quot;:&quot;px&quot;,&quot;size&quot;:-10,&quot;sizes&quot;:[]},&quot;_transform_rotateZ_effect_tablet&quot;:{&quot;unit&quot;:&quot;deg&quot;,&quot;size&quot;:&quot;&quot;,&quot;sizes&quot;:[]},&quot;_transform_rotateZ_effect_mobile&quot;:{&quot;unit&quot;:&quot;deg&quot;,&quot;size&quot;:&quot;&quot;,&quot;sizes&quot;:[]}}\" data-widget_type=\"heading.default\">\n\t\t\t\t<div class=\"elementor-widget-container\">\n\t\t\t\t\t<h2 class=\"elementor-heading-title elementor-size-default\">\nCondition:\t\nPilosit\u00e9\n<\/h2>\t\t\t\t<\/div>\n\t\t\t\t<\/div>\n\t\t\t\t<\/div>\n\t\t<div data-particle_enable=\"false\" data-particle-mobile-disabled=\"false\" class=\"elementor-element elementor-element-3a38883e e-con-full e-flex e-con e-parent\" data-id=\"3a38883e\" data-element_type=\"container\" data-settings=\"{&quot;background_background&quot;:&quot;classic&quot;}\">\n\t\t\t\t<div class=\"elementor-element elementor-element-2b8ca504 elementor-widget elementor-widget-heading\" data-id=\"2b8ca504\" data-element_type=\"widget\" data-widget_type=\"heading.default\">\n\t\t\t\t<div class=\"elementor-widget-container\">\n\t\t\t\t\t<h2 class=\"elementor-heading-title elementor-size-default\">What is it?<\/h2>\t\t\t\t<\/div>\n\t\t\t\t<\/div>\n\t\t\t\t<div class=\"elementor-element elementor-element-6ceb4fe0 elementor-widget elementor-widget-text-editor\" data-id=\"6ceb4fe0\" data-element_type=\"widget\" data-widget_type=\"text-editor.default\">\n\t\t\t\t<div class=\"elementor-widget-container\">\n\t\t\t\t\t\t\t\t\tPeau fonc\u00e9e ou p\u00e2le, pigmentation rousse ou blonde, pubert\u00e9 ou \u00e2ge adulte : chaque personne a une pilosit\u00e9 unique, qui \u00e9volue au cours de sa vie!\t\t\t\t\t\t\t\t<\/div>\n\t\t\t\t<\/div>\n\t\t\t\t<\/div>\n\t\t<div data-particle_enable=\"false\" data-particle-mobile-disabled=\"false\" class=\"elementor-element elementor-element-9c3efa1 e-flex e-con-boxed e-con e-parent\" data-id=\"9c3efa1\" data-element_type=\"container\" data-settings=\"{&quot;background_background&quot;:&quot;classic&quot;}\">\n\t\t\t\t\t<div class=\"e-con-inner\">\n\t\t<div data-particle_enable=\"false\" data-particle-mobile-disabled=\"false\" class=\"elementor-element elementor-element-5408fd56 e-con-full e-flex e-con e-child\" data-id=\"5408fd56\" data-element_type=\"container\">\n\t\t\t\t<div class=\"elementor-element elementor-element-1eb2c2f0 elementor-widget elementor-widget-image\" data-id=\"1eb2c2f0\" data-element_type=\"widget\" data-widget_type=\"image.default\">\n\t\t\t\t<div class=\"elementor-widget-container\">\n\t\t\t\t\t\t\t\t\t\t\t\t\t\t\t<img fetchpriority=\"high\" decoding=\"async\" width=\"550\" height=\"483\" src=\"https:\/\/eve.kracmedia.com\/wp-content\/uploads\/2024\/02\/7770f1a9-4ea5-4fbf-baf8-7f21687d78aa.webp\" class=\"attachment-full size-full wp-image-15930\" alt=\"Eve Laser \u00e9pilation Brossard\" srcset=\"https:\/\/eve.kracmedia.com\/wp-content\/uploads\/2024\/02\/7770f1a9-4ea5-4fbf-baf8-7f21687d78aa.webp 550w, https:\/\/eve.kracmedia.com\/wp-content\/uploads\/2024\/02\/7770f1a9-4ea5-4fbf-baf8-7f21687d78aa-430x378.webp 430w, https:\/\/eve.kracmedia.com\/wp-content\/uploads\/2024\/02\/7770f1a9-4ea5-4fbf-baf8-7f21687d78aa-342x300.webp 342w\" sizes=\"(max-width: 550px) 100vw, 550px\" \/>\t\t\t\t\t\t\t\t\t\t\t\t\t\t\t<\/div>\n\t\t\t\t<\/div>\n\t\t\t\t<\/div>\n\t\t<div data-particle_enable=\"false\" data-particle-mobile-disabled=\"false\" class=\"elementor-element elementor-element-4e52a947 e-con-full e-flex e-con e-child\" data-id=\"4e52a947\" data-element_type=\"container\">\n\t\t<div data-particle_enable=\"false\" data-particle-mobile-disabled=\"false\" class=\"elementor-element elementor-element-67973fa9 e-flex e-con-boxed e-con e-child\" data-id=\"67973fa9\" data-element_type=\"container\" data-settings=\"{&quot;background_background&quot;:&quot;classic&quot;}\">\n\t\t\t\t\t<div class=\"e-con-inner\">\n\t\t\t\t<div class=\"elementor-element elementor-element-715c7425 elementor-widget elementor-widget-heading\" data-id=\"715c7425\" data-element_type=\"widget\" data-widget_type=\"heading.default\">\n\t\t\t\t<div class=\"elementor-widget-container\">\n\t\t\t\t\t<h2 class=\"elementor-heading-title elementor-size-default\">Did you know that?<\/h2>\t\t\t\t<\/div>\n\t\t\t\t<\/div>\n\t\t\t\t<div class=\"elementor-element elementor-element-7a7ec441 elementor-widget elementor-widget-heading\" data-id=\"7a7ec441\" data-element_type=\"widget\" data-widget_type=\"heading.default\">\n\t\t\t\t<div class=\"elementor-widget-container\">\n\t\t\t\t\t<h2 class=\"elementor-heading-title elementor-size-default\">Un muscle minuscule est fix\u00e9 \u00e0 la base de chaque poil. Sa contraction permet d\u2019augmenter la temp\u00e9rature corporelle en cas de refroidissement. C\u2019est l\u2019effet \u00abchair de poule\u00bb. Autre fait int\u00e9ressant : le rasage n\u2019augmente pas la pilosit\u00e9, contrairement \u00e0 la croyance populaire !<\/h2>\t\t\t\t<\/div>\n\t\t\t\t<\/div>\n\t\t\t\t<div class=\"elementor-element elementor-element-e0e2e7c elementor-align-center elementor-widget elementor-widget-button\" data-id=\"e0e2e7c\" data-element_type=\"widget\" data-widget_type=\"button.default\">\n\t\t\t\t<div class=\"elementor-widget-container\">\n\t\t\t\t\t\t\t\t\t<div class=\"elementor-button-wrapper\">\n\t\t\t\t\t<a class=\"elementor-button elementor-button-link elementor-size-sm\" href=\"#Contactfooter\">\n\t\t\t\t\t\t<span class=\"elementor-button-content-wrapper\">\n\t\t\t\t\t\t\t\t\t<span class=\"elementor-button-text\">CONTACT US<\/span>\n\t\t\t\t\t<\/span>\n\t\t\t\t\t<\/a>\n\t\t\t\t<\/div>\n\t\t\t\t\t\t\t\t<\/div>\n\t\t\t\t<\/div>\n\t\t\t\t\t<\/div>\n\t\t\t\t<\/div>\n\t\t\t\t<\/div>\n\t\t\t\t\t<\/div>\n\t\t\t\t<\/div>\n\t\t<div data-particle_enable=\"false\" data-particle-mobile-disabled=\"false\" class=\"elementor-element elementor-element-5d093b86 e-flex e-con-boxed e-con e-parent\" data-id=\"5d093b86\" data-element_type=\"container\" data-settings=\"{&quot;background_background&quot;:&quot;classic&quot;}\">\n\t\t\t\t\t<div class=\"e-con-inner\">\n\t\t\t\t<div class=\"elementor-element elementor-element-3fd96416 elementor-widget elementor-widget-heading\" data-id=\"3fd96416\" data-element_type=\"widget\" data-widget_type=\"heading.default\">\n\t\t\t\t<div class=\"elementor-widget-container\">\n\t\t\t\t\t<h2 class=\"elementor-heading-title elementor-size-default\">What are the causes?<\/h2>\t\t\t\t<\/div>\n\t\t\t\t<\/div>\n\t\t\t\t<div class=\"elementor-element elementor-element-6497a423 elementor-widget elementor-widget-heading\" data-id=\"6497a423\" data-element_type=\"widget\" data-widget_type=\"heading.default\">\n\t\t\t\t<div class=\"elementor-widget-container\">\n\t\t\t\t\t<h2 class=\"elementor-heading-title elementor-size-default\">Bien qu\u2019\u00e0 l\u2019image des cellules, le fonctionnement du syst\u00e8me pileux soit complexe et unique \u00e0 chaque personne, il peut n\u00e9anmoins s\u2019expliquer par trois facteurs :<\/h2>\t\t\t\t<\/div>\n\t\t\t\t<\/div>\n\t\t\t\t\t<\/div>\n\t\t\t\t<\/div>\n\t\t<div data-particle_enable=\"false\" data-particle-mobile-disabled=\"false\" class=\"elementor-element elementor-element-6ee94ddf e-con-full e-flex e-con e-parent\" data-id=\"6ee94ddf\" data-element_type=\"container\" data-settings=\"{&quot;background_background&quot;:&quot;classic&quot;}\">\n\t\t<div data-particle_enable=\"false\" data-particle-mobile-disabled=\"false\" class=\"elementor-element elementor-element-5d074699 e-con-full e-flex e-con e-child\" data-id=\"5d074699\" data-element_type=\"container\">\n\t\t<div data-particle_enable=\"false\" data-particle-mobile-disabled=\"false\" class=\"elementor-element elementor-element-6d1c4876 e-con-full e-flex e-con e-child\" data-id=\"6d1c4876\" data-element_type=\"container\" data-settings=\"{&quot;background_background&quot;:&quot;classic&quot;}\">\n\t\t\t\t<div class=\"elementor-element elementor-element-6a88e99f elementor-widget elementor-widget-heading\" data-id=\"6a88e99f\" data-element_type=\"widget\" data-widget_type=\"heading.default\">\n\t\t\t\t<div class=\"elementor-widget-container\">\n\t\t\t\t\t<h2 class=\"elementor-heading-title elementor-size-default\">L\u2019h\u00e9r\u00e9dit\u00e9<\/h2>\t\t\t\t<\/div>\n\t\t\t\t<\/div>\n\t\t\t\t<div class=\"elementor-element elementor-element-db90cd6 elementor-widget elementor-widget-text-editor\" data-id=\"db90cd6\" data-element_type=\"widget\" data-widget_type=\"text-editor.default\">\n\t\t\t\t<div class=\"elementor-widget-container\">\n\t\t\t\t\t\t\t\t\tSourcils foisonnants ou clairsem\u00e9s, chevelure boucl\u00e9e, volumineuse ou fine : notre h\u00e9ritage g\u00e9n\u00e9tique transmet nos caract\u00e8res physiques et la composition de nos g\u00e8nes. Le syst\u00e8me pileux n\u2019y faisant pas exception, l\u2019h\u00e9r\u00e9dit\u00e9 explique donc la structure de notre pilosit\u00e9, incluant sa couleur et sa densit\u00e9. C\u2019est pourquoi, par exemple, on per\u00e7oit une pilosit\u00e9 moins abondante mais surtout plus claire et mod\u00e9r\u00e9e chez les populations nordiques par rapport aux populations m\u00e9diterran\u00e9ennes.\t\t\t\t\t\t\t\t<\/div>\n\t\t\t\t<\/div>\n\t\t\t\t<\/div>\n\t\t\t\t<\/div>\n\t\t<div data-particle_enable=\"false\" data-particle-mobile-disabled=\"false\" class=\"elementor-element elementor-element-cd11adf e-con-full e-flex e-con e-child\" data-id=\"cd11adf\" data-element_type=\"container\">\n\t\t<div data-particle_enable=\"false\" data-particle-mobile-disabled=\"false\" class=\"elementor-element elementor-element-3cdd738f e-con-full e-flex e-con e-child\" data-id=\"3cdd738f\" data-element_type=\"container\" data-settings=\"{&quot;background_background&quot;:&quot;classic&quot;}\">\n\t\t\t\t<div class=\"elementor-element elementor-element-3971bf11 elementor-widget elementor-widget-heading\" data-id=\"3971bf11\" data-element_type=\"widget\" data-widget_type=\"heading.default\">\n\t\t\t\t<div class=\"elementor-widget-container\">\n\t\t\t\t\t<h2 class=\"elementor-heading-title elementor-size-default\">Les hormones<\/h2>\t\t\t\t<\/div>\n\t\t\t\t<\/div>\n\t\t\t\t<div class=\"elementor-element elementor-element-5c7d2c99 elementor-widget elementor-widget-text-editor\" data-id=\"5c7d2c99\" data-element_type=\"widget\" data-widget_type=\"text-editor.default\">\n\t\t\t\t<div class=\"elementor-widget-container\">\n\t\t\t\t\t\t\t\t\tLes changements hormonaux ont une incidence directe sur la pilosit\u00e9, qu\u2019ils soient de cause biologique \u2013 tels que la grossesse et la pubert\u00e9 \u2013 ou de cause pathologique \u2013 tels que l\u2019hyperandrog\u00e9nie. Influenc\u00e9e par le niveau d\u2019hormones dans l\u2019organisme, la pilosit\u00e9 peut donc \u00eatre normale ou excessive. Ainsi, un taux d\u2019hormones masculines trop \u00e9lev\u00e9, une plus grande sensibilit\u00e9 physiologique \u00e0 celui-ci, ou encore une diminution des hormones feminines (\u0153strog\u00e8nes) comme dans le cas du syndrome de Stein-Leventhal \u2013 plus commun\u00e9ment appel\u00e9 syndrome des ovaires polykystiques (SOPK) \u2013 ou du syndrome de Cushing, peuvent entra\u00eener une modification de la pousse, de la pigmentation et de la densit\u00e9 des poils.\t\t\t\t\t\t\t\t<\/div>\n\t\t\t\t<\/div>\n\t\t\t\t<\/div>\n\t\t\t\t<\/div>\n\t\t\t\t<\/div>\n\t\t<div data-particle_enable=\"false\" data-particle-mobile-disabled=\"false\" class=\"elementor-element elementor-element-d76b106 e-con-full e-flex e-con e-parent\" data-id=\"d76b106\" data-element_type=\"container\" data-settings=\"{&quot;background_background&quot;:&quot;classic&quot;}\">\n\t\t<div data-particle_enable=\"false\" data-particle-mobile-disabled=\"false\" class=\"elementor-element elementor-element-56f6887 e-con-full e-flex e-con e-child\" data-id=\"56f6887\" data-element_type=\"container\">\n\t\t<div data-particle_enable=\"false\" data-particle-mobile-disabled=\"false\" class=\"elementor-element elementor-element-35e5ae34 e-con-full e-flex e-con e-child\" data-id=\"35e5ae34\" data-element_type=\"container\" data-settings=\"{&quot;background_background&quot;:&quot;classic&quot;}\">\n\t\t\t\t<div class=\"elementor-element elementor-element-36e4fbfa elementor-widget elementor-widget-heading\" data-id=\"36e4fbfa\" data-element_type=\"widget\" data-widget_type=\"heading.default\">\n\t\t\t\t<div class=\"elementor-widget-container\">\n\t\t\t\t\t<h2 class=\"elementor-heading-title elementor-size-default\">La m\u00e9dication<\/h2>\t\t\t\t<\/div>\n\t\t\t\t<\/div>\n\t\t\t\t<div class=\"elementor-element elementor-element-a3865b1 elementor-widget elementor-widget-text-editor\" data-id=\"a3865b1\" data-element_type=\"widget\" data-widget_type=\"text-editor.default\">\n\t\t\t\t<div class=\"elementor-widget-container\">\n\t\t\t\t\t\t\t\t\tCertains m\u00e9dicaments ont tendance \u00e0 modifier le syst\u00e8me pileux des individus. Bien que chacun y soit plus ou moins sensible, les traitements \u00e0 base de glucocortico\u00efdes \u2013 comme la cortisone et l\u2019hydrocortisone \u2013 mais aussi la ciclosporine, le diazoxide, le minoxidil, le danazol ou encore certains st\u00e9ro\u00efdes anabolisants peuvent entra\u00eener une pilosit\u00e9 plus importante.\t\t\t\t\t\t\t\t<\/div>\n\t\t\t\t<\/div>\n\t\t\t\t<\/div>\n\t\t\t\t<\/div>\n\t\t<div data-particle_enable=\"false\" data-particle-mobile-disabled=\"false\" class=\"elementor-element elementor-element-5f0ea89 e-con-full e-flex e-con e-child\" data-id=\"5f0ea89\" data-element_type=\"container\">\n\t\t\t\t<\/div>\n\t\t\t\t<\/div>\n\t\t<div data-particle_enable=\"false\" data-particle-mobile-disabled=\"false\" class=\"elementor-element elementor-element-3b47fff0 e-con-full e-flex e-con e-parent\" data-id=\"3b47fff0\" data-element_type=\"container\" data-settings=\"{&quot;background_background&quot;:&quot;classic&quot;}\">\n\t\t\t\t<div class=\"elementor-element elementor-element-4c6f2ad8 elementor-widget elementor-widget-heading\" data-id=\"4c6f2ad8\" data-element_type=\"widget\" data-widget_type=\"heading.default\">\n\t\t\t\t<div class=\"elementor-widget-container\">\n\t\t\t\t\t<h2 class=\"elementor-heading-title elementor-size-default\">How to prevent?<\/h2>\t\t\t\t<\/div>\n\t\t\t\t<\/div>\n\t\t\t\t<div class=\"elementor-element elementor-element-7bd89c9d elementor-widget elementor-widget-toggle\" data-id=\"7bd89c9d\" data-element_type=\"widget\" data-widget_type=\"toggle.default\">\n\t\t\t\t<div class=\"elementor-widget-container\">\n\t\t\t\t\t\t\t<div class=\"elementor-toggle\">\n\t\t\t\t\t\t\t<div class=\"elementor-toggle-item\">\n\t\t\t\t\t<div id=\"elementor-tab-title-2071\" class=\"elementor-tab-title\" data-tab=\"1\" role=\"button\" aria-controls=\"elementor-tab-content-2071\" aria-expanded=\"false\">\n\t\t\t\t\t\t\t\t\t\t\t\t<span class=\"elementor-toggle-icon elementor-toggle-icon-right\" aria-hidden=\"true\">\n\t\t\t\t\t\t\t\t\t\t\t\t\t\t\t<span class=\"elementor-toggle-icon-closed\"><svg class=\"e-font-icon-svg e-fas-caret-right\" viewbox=\"0 0 192 512\" xmlns=\"http:\/\/www.w3.org\/2000\/svg\"><path d=\"M0 384.662V127.338c0-17.818 21.543-26.741 34.142-14.142l128.662 128.662c7.81 7.81 7.81 20.474 0 28.284L34.142 398.804C21.543 411.404 0 402.48 0 384.662z\"><\/path><\/svg><\/span>\n\t\t\t\t\t\t\t\t<span class=\"elementor-toggle-icon-opened\"><svg class=\"elementor-toggle-icon-opened e-font-icon-svg e-fas-caret-up\" viewbox=\"0 0 320 512\" xmlns=\"http:\/\/www.w3.org\/2000\/svg\"><path d=\"M288.662 352H31.338c-17.818 0-26.741-21.543-14.142-34.142l128.662-128.662c7.81-7.81 20.474-7.81 28.284 0l128.662 128.662c12.6 12.599 3.676 34.142-14.142 34.142z\"><\/path><\/svg><\/span>\n\t\t\t\t\t\t\t\t\t\t\t\t\t<\/span>\n\t\t\t\t\t\t\t\t\t\t\t\t<a class=\"elementor-toggle-title\" tabindex=\"0\">??<\/a>\n\t\t\t\t\t<\/div>\n\n\t\t\t\t\t<div id=\"elementor-tab-content-2071\" class=\"elementor-tab-content elementor-clearfix\" data-tab=\"1\" role=\"region\" aria-labelledby=\"elementor-tab-title-2071\"><p>Condition naturelle depuis le d\u00e9but des temps, il n\u2019est bien s\u00fbr pas possible de pr\u00e9venir l\u2019apparition des poils. Ceci dit, il est toutefois commun de contr\u00f4ler, de r\u00e9duire ou m\u00eame d\u2019\u00e9liminer compl\u00e8tement la pilosit\u00e9 des diverses r\u00e9gions affect\u00e9es et ce, par diverses techniques, notamment le rasage, l\u2019\u00e9pilation \u00e0 la cire ou au sucre, l\u2019\u00e9lectrolyse ou encore, chez Dermapure, gr\u00e2ce aux lasers d\u2019\u00e9pilation.<\/p><\/div>\n\t\t\t\t<\/div>\n\t\t\t\t\t\t\t\t<\/div>\n\t\t\t\t\t\t<\/div>\n\t\t\t\t<\/div>\n\t\t\t\t<\/div>\n\t\t<div data-particle_enable=\"false\" data-particle-mobile-disabled=\"false\" class=\"elementor-element elementor-element-1d899bd6 e-con-full e-flex e-con e-parent\" data-id=\"1d899bd6\" data-element_type=\"container\" data-settings=\"{&quot;background_background&quot;:&quot;classic&quot;}\">\n\t\t\t\t<div class=\"elementor-element elementor-element-26b1e8db elementor-widget elementor-widget-heading\" data-id=\"26b1e8db\" data-element_type=\"widget\" data-widget_type=\"heading.default\">\n\t\t\t\t<div class=\"elementor-widget-container\">\n\t\t\t\t\t<h2 class=\"elementor-heading-title elementor-size-default\">How to treat?<\/h2>\t\t\t\t<\/div>\n\t\t\t\t<\/div>\n\t\t\t\t<\/div>\n\t\t<div data-particle_enable=\"false\" data-particle-mobile-disabled=\"false\" class=\"elementor-element elementor-element-a742503 e-flex e-con-boxed e-con e-parent\" data-id=\"a742503\" data-element_type=\"container\" data-settings=\"{&quot;background_background&quot;:&quot;classic&quot;}\">\n\t\t\t\t\t<div class=\"e-con-inner\">\n\t\t<div data-particle_enable=\"false\" data-particle-mobile-disabled=\"false\" class=\"elementor-element elementor-element-17bf476d e-con-full e-flex e-con e-child\" data-id=\"17bf476d\" data-element_type=\"container\">\n\t\t\t\t<div class=\"elementor-element elementor-element-7b88942 elementor-widget elementor-widget-image\" data-id=\"7b88942\" data-element_type=\"widget\" data-widget_type=\"image.default\">\n\t\t\t\t<div class=\"elementor-widget-container\">\n\t\t\t\t\t\t\t\t\t\t\t\t\t\t\t<img decoding=\"async\" width=\"708\" height=\"421\" src=\"https:\/\/eve.kracmedia.com\/wp-content\/uploads\/2024\/02\/dermapure-banner-epilation-708x421.jpg.webp\" class=\"attachment-full size-full wp-image-16347\" alt=\"\" srcset=\"https:\/\/eve.kracmedia.com\/wp-content\/uploads\/2024\/02\/dermapure-banner-epilation-708x421.jpg.webp 708w, https:\/\/eve.kracmedia.com\/wp-content\/uploads\/2024\/02\/dermapure-banner-epilation-708x421.jpg-400x238.webp 400w\" sizes=\"(max-width: 708px) 100vw, 708px\" \/>\t\t\t\t\t\t\t\t\t\t\t\t\t\t\t<\/div>\n\t\t\t\t<\/div>\n\t\t\t\t<\/div>\n\t\t<div data-particle_enable=\"false\" data-particle-mobile-disabled=\"false\" class=\"elementor-element elementor-element-14a5cda0 e-con-full e-flex e-con e-child\" data-id=\"14a5cda0\" data-element_type=\"container\">\n\t\t<div data-particle_enable=\"false\" data-particle-mobile-disabled=\"false\" class=\"elementor-element elementor-element-2b6ad90d e-flex e-con-boxed e-con e-child\" data-id=\"2b6ad90d\" data-element_type=\"container\" data-settings=\"{&quot;background_background&quot;:&quot;classic&quot;}\">\n\t\t\t\t\t<div class=\"e-con-inner\">\n\t\t\t\t<div class=\"elementor-element elementor-element-2450decc elementor-widget elementor-widget-heading\" data-id=\"2450decc\" data-element_type=\"widget\" data-widget_type=\"heading.default\">\n\t\t\t\t<div class=\"elementor-widget-container\">\n\t\t\t\t\t<h2 class=\"elementor-heading-title elementor-size-default\">\u00c9pilation d\u00e9finitive\n<\/h2>\t\t\t\t<\/div>\n\t\t\t\t<\/div>\n\t\t\t\t<div class=\"elementor-element elementor-element-86fd33f elementor-widget elementor-widget-heading\" data-id=\"86fd33f\" data-element_type=\"widget\" data-widget_type=\"heading.default\">\n\t\t\t\t<div class=\"elementor-widget-container\">\n\t\t\t\t\t<h2 class=\"elementor-heading-title elementor-size-default\">Les plateformes choisies par Eve Laser pour l\u2019\u00e9pilation assurent l\u2019\u00e9limination des poils en quelques s\u00e9ances. Deux m\u00e9thodes sont propos\u00e9es selon la clinique visit\u00e9e : la lumi\u00e8re puls\u00e9e ou le laser. Ces deux technologies sont tr\u00e8s similaires en ce qu\u2019elles d\u00e9livrent toutes les deux une lumi\u00e8re intense dans le follicule pileux. Lorsque cette lumi\u00e8re est absorb\u00e9e par un poil vivant, elle est ensuite transform\u00e9e en chaleur et d\u00e9truit le bulbe du poil pour l\u2019emp\u00eacher de repousser. Le traitement est d\u2019une pr\u00e9cision sans faille et offre des r\u00e9sultats \u00e0 long terme, tant pour le visage que le corps.<\/h2>\t\t\t\t<\/div>\n\t\t\t\t<\/div>\n\t\t\t\t<div class=\"elementor-element elementor-element-386a9c3e elementor-align-center elementor-widget elementor-widget-button\" data-id=\"386a9c3e\" data-element_type=\"widget\" data-widget_type=\"button.default\">\n\t\t\t\t<div class=\"elementor-widget-container\">\n\t\t\t\t\t\t\t\t\t<div class=\"elementor-button-wrapper\">\n\t\t\t\t\t<a class=\"elementor-button elementor-button-link elementor-size-sm\" href=\"#Contactfooter\">\n\t\t\t\t\t\t<span class=\"elementor-button-content-wrapper\">\n\t\t\t\t\t\t\t\t\t<span class=\"elementor-button-text\">CONTACT US<\/span>\n\t\t\t\t\t<\/span>\n\t\t\t\t\t<\/a>\n\t\t\t\t<\/div>\n\t\t\t\t\t\t\t\t<\/div>\n\t\t\t\t<\/div>\n\t\t\t\t\t<\/div>\n\t\t\t\t<\/div>\n\t\t\t\t<\/div>\n\t\t\t\t\t<\/div>\n\t\t\t\t<\/div>\n\t\t\t\t<\/div>","protected":false},"excerpt":{"rendered":"<p>La lutte contre la pilosit\u00e9 ind\u00e9sirable commence \u00e0 Brossard chez Eve Laser, o\u00f9 nos experts vous proposent des solutions personnalis\u00e9es pour une peau lisse et douce.<\/p>","protected":false},"author":4,"featured_media":0,"parent":0,"menu_order":0,"comment_status":"closed","ping_status":"closed","template":"elementor_header_footer","meta":{"_eb_attr":"","footnotes":""},"class_list":["post-16344","page","type-page","status-publish","hentry"],"_links":{"self":[{"href":"https:\/\/eve.kracmedia.com\/en\/wp-json\/wp\/v2\/pages\/16344","targetHints":{"allow":["GET"]}}],"collection":[{"href":"https:\/\/eve.kracmedia.com\/en\/wp-json\/wp\/v2\/pages"}],"about":[{"href":"https:\/\/eve.kracmedia.com\/en\/wp-json\/wp\/v2\/types\/page"}],"author":[{"embeddable":true,"href":"https:\/\/eve.kracmedia.com\/en\/wp-json\/wp\/v2\/users\/4"}],"replies":[{"embeddable":true,"href":"https:\/\/eve.kracmedia.com\/en\/wp-json\/wp\/v2\/comments?post=16344"}],"version-history":[{"count":0,"href":"https:\/\/eve.kracmedia.com\/en\/wp-json\/wp\/v2\/pages\/16344\/revisions"}],"wp:attachment":[{"href":"https:\/\/eve.kracmedia.com\/en\/wp-json\/wp\/v2\/media?parent=16344"}],"curies":[{"name":"wp","href":"https:\/\/api.w.org\/{rel}","templated":true}]}}