{"id":16209,"date":"2024-02-13T17:28:49","date_gmt":"2024-02-13T17:28:49","guid":{"rendered":"https:\/\/eve.kracmedia.com\/?page_id=16209"},"modified":"2024-04-04T14:33:15","modified_gmt":"2024-04-04T14:33:15","slug":"cicatrices","status":"publish","type":"page","link":"https:\/\/eve.kracmedia.com\/en\/cicatrices\/","title":{"rendered":"Scars"},"content":{"rendered":"<div data-elementor-type=\"wp-page\" data-elementor-id=\"16209\" class=\"elementor elementor-16209\" data-elementor-post-type=\"page\">\n\t\t\t\t<div data-particle_enable=\"false\" data-particle-mobile-disabled=\"false\" class=\"elementor-element elementor-element-479bb4d1 e-con-full e-flex e-con e-parent\" data-id=\"479bb4d1\" data-element_type=\"container\" data-settings=\"{&quot;background_background&quot;:&quot;classic&quot;}\">\n\t\t\t\t<div class=\"elementor-element elementor-element-34abfae5 e-transform elementor-widget elementor-widget-heading\" data-id=\"34abfae5\" data-element_type=\"widget\" data-settings=\"{&quot;_transform_rotateZ_effect&quot;:{&quot;unit&quot;:&quot;px&quot;,&quot;size&quot;:-10,&quot;sizes&quot;:[]},&quot;_transform_rotateZ_effect_tablet&quot;:{&quot;unit&quot;:&quot;deg&quot;,&quot;size&quot;:&quot;&quot;,&quot;sizes&quot;:[]},&quot;_transform_rotateZ_effect_mobile&quot;:{&quot;unit&quot;:&quot;deg&quot;,&quot;size&quot;:&quot;&quot;,&quot;sizes&quot;:[]}}\" data-widget_type=\"heading.default\">\n\t\t\t\t<div class=\"elementor-widget-container\">\n\t\t\t\t\t<h2 class=\"elementor-heading-title elementor-size-default\">\n\nCondition:\t\nCicatrices\n<\/h2>\t\t\t\t<\/div>\n\t\t\t\t<\/div>\n\t\t\t\t<\/div>\n\t\t<div data-particle_enable=\"false\" data-particle-mobile-disabled=\"false\" class=\"elementor-element elementor-element-7216ad1 e-con-full e-flex e-con e-parent\" data-id=\"7216ad1\" data-element_type=\"container\" data-settings=\"{&quot;background_background&quot;:&quot;classic&quot;}\">\n\t\t\t\t<div class=\"elementor-element elementor-element-20da0894 elementor-widget elementor-widget-heading\" data-id=\"20da0894\" data-element_type=\"widget\" data-widget_type=\"heading.default\">\n\t\t\t\t<div class=\"elementor-widget-container\">\n\t\t\t\t\t<h2 class=\"elementor-heading-title elementor-size-default\">What is it?<\/h2>\t\t\t\t<\/div>\n\t\t\t\t<\/div>\n\t\t\t\t<div class=\"elementor-element elementor-element-189aa182 elementor-widget elementor-widget-text-editor\" data-id=\"189aa182\" data-element_type=\"widget\" data-widget_type=\"text-editor.default\">\n\t\t\t\t<div class=\"elementor-widget-container\">\n\t\t\t\t\t\t\t\t\tLors d\u2019un traumatisme cutan\u00e9 \u2013 br\u00fblure, blessure, acn\u00e9 s\u00e9v\u00e8re ou acte chirurgical \u2013 la peau se r\u00e9g\u00e9n\u00e8re afin de se prot\u00e9ger contre les infections, de se refermer et de gu\u00e9rir la zone endommag\u00e9e. Les cellules saines migrent vers la blessure, puis s\u2019y multiplient afin de finaliser la cicatrisation. Cette derni\u00e8re peut d\u2019ailleurs causer une hyper k\u00e9ratinisation \u2013 soit la multiplication chaotique des cellules \u00e9pidermiques, ce qui donne une texture diff\u00e9rente du reste de la peau.\t\t\t\t\t\t\t\t<\/div>\n\t\t\t\t<\/div>\n\t\t\t\t<\/div>\n\t\t<div data-particle_enable=\"false\" data-particle-mobile-disabled=\"false\" class=\"elementor-element elementor-element-5f93502c e-flex e-con-boxed e-con e-parent\" data-id=\"5f93502c\" data-element_type=\"container\" data-settings=\"{&quot;background_background&quot;:&quot;classic&quot;}\">\n\t\t\t\t\t<div class=\"e-con-inner\">\n\t\t<div data-particle_enable=\"false\" data-particle-mobile-disabled=\"false\" class=\"elementor-element elementor-element-f097c15 e-con-full e-flex e-con e-child\" data-id=\"f097c15\" data-element_type=\"container\">\n\t\t\t\t<div class=\"elementor-element elementor-element-82526c5 elementor-widget elementor-widget-image\" data-id=\"82526c5\" data-element_type=\"widget\" data-widget_type=\"image.default\">\n\t\t\t\t<div class=\"elementor-widget-container\">\n\t\t\t\t\t\t\t\t\t\t\t\t\t\t\t<img fetchpriority=\"high\" decoding=\"async\" width=\"683\" height=\"1024\" src=\"https:\/\/eve.kracmedia.com\/wp-content\/uploads\/2024\/03\/1PlWSKMn0qH5KHfiMmGVTaMtvEpUuo5GwFgkd7_Kx3Eh-VG3pDw.jpeg\" class=\"attachment-full size-full wp-image-17689\" alt=\"\" srcset=\"https:\/\/eve.kracmedia.com\/wp-content\/uploads\/2024\/03\/1PlWSKMn0qH5KHfiMmGVTaMtvEpUuo5GwFgkd7_Kx3Eh-VG3pDw.jpeg 683w, https:\/\/eve.kracmedia.com\/wp-content\/uploads\/2024\/03\/1PlWSKMn0qH5KHfiMmGVTaMtvEpUuo5GwFgkd7_Kx3Eh-VG3pDw-200x300.jpeg 200w, https:\/\/eve.kracmedia.com\/wp-content\/uploads\/2024\/03\/1PlWSKMn0qH5KHfiMmGVTaMtvEpUuo5GwFgkd7_Kx3Eh-VG3pDw-534x800.jpeg 534w, https:\/\/eve.kracmedia.com\/wp-content\/uploads\/2024\/03\/1PlWSKMn0qH5KHfiMmGVTaMtvEpUuo5GwFgkd7_Kx3Eh-VG3pDw-430x645.jpeg 430w\" sizes=\"(max-width: 683px) 100vw, 683px\" \/>\t\t\t\t\t\t\t\t\t\t\t\t\t\t\t<\/div>\n\t\t\t\t<\/div>\n\t\t\t\t<\/div>\n\t\t<div data-particle_enable=\"false\" data-particle-mobile-disabled=\"false\" class=\"elementor-element elementor-element-7d87ab8c e-con-full e-flex e-con e-child\" data-id=\"7d87ab8c\" data-element_type=\"container\">\n\t\t<div data-particle_enable=\"false\" data-particle-mobile-disabled=\"false\" class=\"elementor-element elementor-element-5f597961 e-flex e-con-boxed e-con e-child\" data-id=\"5f597961\" data-element_type=\"container\" data-settings=\"{&quot;background_background&quot;:&quot;classic&quot;}\">\n\t\t\t\t\t<div class=\"e-con-inner\">\n\t\t\t\t<div class=\"elementor-element elementor-element-5cbe5655 elementor-widget elementor-widget-heading\" data-id=\"5cbe5655\" data-element_type=\"widget\" data-widget_type=\"heading.default\">\n\t\t\t\t<div class=\"elementor-widget-container\">\n\t\t\t\t\t<h2 class=\"elementor-heading-title elementor-size-default\">Did you know that?<\/h2>\t\t\t\t<\/div>\n\t\t\t\t<\/div>\n\t\t\t\t<div class=\"elementor-element elementor-element-258fc691 elementor-widget elementor-widget-heading\" data-id=\"258fc691\" data-element_type=\"widget\" data-widget_type=\"heading.default\">\n\t\t\t\t<div class=\"elementor-widget-container\">\n\t\t\t\t\t<h2 class=\"elementor-heading-title elementor-size-default\">La cicatrisation est possible notamment gr\u00e2ce \u00e0 l\u2019action du collag\u00e8ne, prot\u00e9ine r\u00e9put\u00e9e pour son action dans la fermet\u00e9 et l\u2019\u00e9lasticit\u00e9 d\u2019une peau jeune et saine! En effet, le collag\u00e8ne r\u00e9unit les fibres cutan\u00e9es, favorisant ainsi le processus de cicatrisation.<\/h2>\t\t\t\t<\/div>\n\t\t\t\t<\/div>\n\t\t\t\t<div class=\"elementor-element elementor-element-40ea12fb elementor-align-center elementor-widget elementor-widget-button\" data-id=\"40ea12fb\" data-element_type=\"widget\" data-widget_type=\"button.default\">\n\t\t\t\t<div class=\"elementor-widget-container\">\n\t\t\t\t\t\t\t\t\t<div class=\"elementor-button-wrapper\">\n\t\t\t\t\t<a class=\"elementor-button elementor-button-link elementor-size-sm\" href=\"#Contactfooter\">\n\t\t\t\t\t\t<span class=\"elementor-button-content-wrapper\">\n\t\t\t\t\t\t\t\t\t<span class=\"elementor-button-text\">CONTACT US<\/span>\n\t\t\t\t\t<\/span>\n\t\t\t\t\t<\/a>\n\t\t\t\t<\/div>\n\t\t\t\t\t\t\t\t<\/div>\n\t\t\t\t<\/div>\n\t\t\t\t\t<\/div>\n\t\t\t\t<\/div>\n\t\t\t\t<\/div>\n\t\t\t\t\t<\/div>\n\t\t\t\t<\/div>\n\t\t<div data-particle_enable=\"false\" data-particle-mobile-disabled=\"false\" class=\"elementor-element elementor-element-37069bbe e-flex e-con-boxed e-con e-parent\" data-id=\"37069bbe\" data-element_type=\"container\" data-settings=\"{&quot;background_background&quot;:&quot;classic&quot;}\">\n\t\t\t\t\t<div class=\"e-con-inner\">\n\t\t\t\t<div class=\"elementor-element elementor-element-7471ecf5 elementor-widget elementor-widget-heading\" data-id=\"7471ecf5\" data-element_type=\"widget\" data-widget_type=\"heading.default\">\n\t\t\t\t<div class=\"elementor-widget-container\">\n\t\t\t\t\t<h2 class=\"elementor-heading-title elementor-size-default\">What are the causes?<\/h2>\t\t\t\t<\/div>\n\t\t\t\t<\/div>\n\t\t\t\t<div class=\"elementor-element elementor-element-1e6e3dca elementor-widget elementor-widget-heading\" data-id=\"1e6e3dca\" data-element_type=\"widget\" data-widget_type=\"heading.default\">\n\t\t\t\t<div class=\"elementor-widget-container\">\n\t\t\t\t\t<h2 class=\"elementor-heading-title elementor-size-default\">Le processus de cicatrisation s\u2019effectue plus ou moins rapidement selon notre mode de vie, notre \u00e2ge, la localisation de la plaie ainsi que son degr\u00e9 de gravit\u00e9. N\u00e9anmoins, plusieurs facteurs influencent la cicatrisation ainsi que l\u2019apparence \u00e0 long terme des cicatrices :<\/h2>\t\t\t\t<\/div>\n\t\t\t\t<\/div>\n\t\t\t\t\t<\/div>\n\t\t\t\t<\/div>\n\t\t<div data-particle_enable=\"false\" data-particle-mobile-disabled=\"false\" class=\"elementor-element elementor-element-4d3b7eb6 e-con-full e-flex e-con e-parent\" data-id=\"4d3b7eb6\" data-element_type=\"container\" data-settings=\"{&quot;background_background&quot;:&quot;classic&quot;}\">\n\t\t<div data-particle_enable=\"false\" data-particle-mobile-disabled=\"false\" class=\"elementor-element elementor-element-2b32f626 e-con-full e-flex e-con e-child\" data-id=\"2b32f626\" data-element_type=\"container\">\n\t\t<div data-particle_enable=\"false\" data-particle-mobile-disabled=\"false\" class=\"elementor-element elementor-element-4959febe e-con-full e-flex e-con e-child\" data-id=\"4959febe\" data-element_type=\"container\" data-settings=\"{&quot;background_background&quot;:&quot;classic&quot;}\">\n\t\t\t\t<div class=\"elementor-element elementor-element-5a3e4d5d elementor-widget elementor-widget-heading\" data-id=\"5a3e4d5d\" data-element_type=\"widget\" data-widget_type=\"heading.default\">\n\t\t\t\t<div class=\"elementor-widget-container\">\n\t\t\t\t\t<h2 class=\"elementor-heading-title elementor-size-default\">Le syst\u00e8me immunitaire<\/h2>\t\t\t\t<\/div>\n\t\t\t\t<\/div>\n\t\t\t\t<div class=\"elementor-element elementor-element-151bc2ce elementor-widget elementor-widget-text-editor\" data-id=\"151bc2ce\" data-element_type=\"widget\" data-widget_type=\"text-editor.default\">\n\t\t\t\t<div class=\"elementor-widget-container\">\n\t\t\t\t\t\t\t\t\t<p>Certains m\u00e9dicaments \u2013 tels que les anti-inflammatoires non st\u00e9ro\u00efdiens, les immunosuppresseurs \u2013 et traitements, comme la chimioth\u00e9rapie et certaines maladies telles que le diab\u00e8te et l\u2019insuffisance r\u00e9nale, affectent le syst\u00e8me immunitaire et la capacit\u00e9 de cicatrisation de l\u2019organisme. La cicatrisation peut alors \u00eatre plus difficile; l\u2019apparence des cicatrices s\u2019en trouvera accentu\u00e9e.<\/p>\t\t\t\t\t\t\t\t<\/div>\n\t\t\t\t<\/div>\n\t\t\t\t<\/div>\n\t\t\t\t<\/div>\n\t\t<div data-particle_enable=\"false\" data-particle-mobile-disabled=\"false\" class=\"elementor-element elementor-element-1e770887 e-con-full e-flex e-con e-child\" data-id=\"1e770887\" data-element_type=\"container\">\n\t\t<div data-particle_enable=\"false\" data-particle-mobile-disabled=\"false\" class=\"elementor-element elementor-element-3a3718c0 e-con-full e-flex e-con e-child\" data-id=\"3a3718c0\" data-element_type=\"container\" data-settings=\"{&quot;background_background&quot;:&quot;classic&quot;}\">\n\t\t\t\t<div class=\"elementor-element elementor-element-63714930 elementor-widget elementor-widget-heading\" data-id=\"63714930\" data-element_type=\"widget\" data-widget_type=\"heading.default\">\n\t\t\t\t<div class=\"elementor-widget-container\">\n\t\t\t\t\t<h2 class=\"elementor-heading-title elementor-size-default\">L\u2019\u00e2ge<\/h2>\t\t\t\t<\/div>\n\t\t\t\t<\/div>\n\t\t\t\t<div class=\"elementor-element elementor-element-5574f292 elementor-widget elementor-widget-text-editor\" data-id=\"5574f292\" data-element_type=\"widget\" data-widget_type=\"text-editor.default\">\n\t\t\t\t<div class=\"elementor-widget-container\">\n\t\t\t\t\t\t\t\t\t<p>Avec le temps, les cellules se multiplient et se r\u00e9g\u00e9n\u00e8rent moins rapidement et la production de collag\u00e8ne ralentit. Cela explique pourquoi les cicatrices des enfants se forment rapidement et pourquoi, celles des adultes et des personnes plus \u00e2g\u00e9es se forment plus lentement et tendent \u00e0 demeurer plus apparentes.<\/p>\t\t\t\t\t\t\t\t<\/div>\n\t\t\t\t<\/div>\n\t\t\t\t<\/div>\n\t\t\t\t<\/div>\n\t\t\t\t<\/div>\n\t\t<div data-particle_enable=\"false\" data-particle-mobile-disabled=\"false\" class=\"elementor-element elementor-element-77122b7c e-con-full e-flex e-con e-parent\" data-id=\"77122b7c\" data-element_type=\"container\" data-settings=\"{&quot;background_background&quot;:&quot;classic&quot;}\">\n\t\t<div data-particle_enable=\"false\" data-particle-mobile-disabled=\"false\" class=\"elementor-element elementor-element-1b4fbabf e-con-full e-flex e-con e-child\" data-id=\"1b4fbabf\" data-element_type=\"container\">\n\t\t<div data-particle_enable=\"false\" data-particle-mobile-disabled=\"false\" class=\"elementor-element elementor-element-2c610a77 e-con-full e-flex e-con e-child\" data-id=\"2c610a77\" data-element_type=\"container\" data-settings=\"{&quot;background_background&quot;:&quot;classic&quot;}\">\n\t\t\t\t<div class=\"elementor-element elementor-element-73b2f9f elementor-widget elementor-widget-heading\" data-id=\"73b2f9f\" data-element_type=\"widget\" data-widget_type=\"heading.default\">\n\t\t\t\t<div class=\"elementor-widget-container\">\n\t\t\t\t\t<h2 class=\"elementor-heading-title elementor-size-default\">Lifestyle<\/h2>\t\t\t\t<\/div>\n\t\t\t\t<\/div>\n\t\t\t\t<div class=\"elementor-element elementor-element-b9b000f elementor-widget elementor-widget-text-editor\" data-id=\"b9b000f\" data-element_type=\"widget\" data-widget_type=\"text-editor.default\">\n\t\t\t\t<div class=\"elementor-widget-container\">\n\t\t\t\t\t\t\t\t\t<p>L\u2019alimentation, la pratique d\u2019activit\u00e9s physiques, la gestion du stress, la consommation d\u2019alcool et de tabac, ainsi que l\u2019environnement \u2013 agressions cutan\u00e9es telles que le froid et le soleil \u2013 seraient autant d\u2019\u00e9l\u00e9ments influen\u00e7ant la cicatrisation. En effet, le mode de vie pourrait avoir une incidence sur la production de collag\u00e8ne et la multiplication des cellules cutan\u00e9es. La cicatrisation serait donc plus lente et la cicatrice plus apparente chez un individu ayant une alimentation non \u00e9quilibr\u00e9e et un mode de vie s\u00e9dentaire et stressant.<\/p>\t\t\t\t\t\t\t\t<\/div>\n\t\t\t\t<\/div>\n\t\t\t\t<\/div>\n\t\t\t\t<\/div>\n\t\t<div data-particle_enable=\"false\" data-particle-mobile-disabled=\"false\" class=\"elementor-element elementor-element-5ac8d244 e-con-full e-flex e-con e-child\" data-id=\"5ac8d244\" data-element_type=\"container\">\n\t\t<div data-particle_enable=\"false\" data-particle-mobile-disabled=\"false\" class=\"elementor-element elementor-element-fc940f7 e-con-full e-flex e-con e-child\" data-id=\"fc940f7\" data-element_type=\"container\" data-settings=\"{&quot;background_background&quot;:&quot;classic&quot;}\">\n\t\t\t\t<div class=\"elementor-element elementor-element-2c91dcba elementor-widget elementor-widget-heading\" data-id=\"2c91dcba\" data-element_type=\"widget\" data-widget_type=\"heading.default\">\n\t\t\t\t<div class=\"elementor-widget-container\">\n\t\t\t\t\t<h2 class=\"elementor-heading-title elementor-size-default\">Le type de peau et sa localisation<\/h2>\t\t\t\t<\/div>\n\t\t\t\t<\/div>\n\t\t\t\t<div class=\"elementor-element elementor-element-73cfbdd2 elementor-widget elementor-widget-text-editor\" data-id=\"73cfbdd2\" data-element_type=\"widget\" data-widget_type=\"text-editor.default\">\n\t\t\t\t<div class=\"elementor-widget-container\">\n\t\t\t\t\t\t\t\t\t<p>Le type de peau peut avoir une influence sur la cicatrisation. En effet, des cicatrices hypertrophiques ou ch\u00e9lo\u00efdes (surplus de peau localis\u00e9 en bordure de la cicatrice originale ou sur celle-ci) ont tendance \u00e0 appara\u00eetre davantage sur les peau plus fonc\u00e9es. De plus, les parties du corps les plus articul\u00e9es, de par les mouvements plus fr\u00e9quents \u00e0 ces endroits ; gu\u00e9rissent moins facilement et peuvent laisser des cicatrices plus apparentes.<\/p>\t\t\t\t\t\t\t\t<\/div>\n\t\t\t\t<\/div>\n\t\t\t\t<\/div>\n\t\t\t\t<\/div>\n\t\t\t\t<\/div>\n\t\t<div data-particle_enable=\"false\" data-particle-mobile-disabled=\"false\" class=\"elementor-element elementor-element-1d1be9d6 e-con-full e-flex e-con e-parent\" data-id=\"1d1be9d6\" data-element_type=\"container\" data-settings=\"{&quot;background_background&quot;:&quot;classic&quot;}\">\n\t\t\t\t<div class=\"elementor-element elementor-element-6a892fe5 elementor-widget elementor-widget-heading\" data-id=\"6a892fe5\" data-element_type=\"widget\" data-widget_type=\"heading.default\">\n\t\t\t\t<div class=\"elementor-widget-container\">\n\t\t\t\t\t<h2 class=\"elementor-heading-title elementor-size-default\">How to prevent?<\/h2>\t\t\t\t<\/div>\n\t\t\t\t<\/div>\n\t\t\t\t<div class=\"elementor-element elementor-element-71c6f546 elementor-widget elementor-widget-toggle\" data-id=\"71c6f546\" data-element_type=\"widget\" data-widget_type=\"toggle.default\">\n\t\t\t\t<div class=\"elementor-widget-container\">\n\t\t\t\t\t\t\t<div class=\"elementor-toggle\">\n\t\t\t\t\t\t\t<div class=\"elementor-toggle-item\">\n\t\t\t\t\t<div id=\"elementor-tab-title-1901\" class=\"elementor-tab-title\" data-tab=\"1\" role=\"button\" aria-controls=\"elementor-tab-content-1901\" aria-expanded=\"false\">\n\t\t\t\t\t\t\t\t\t\t\t\t<span class=\"elementor-toggle-icon elementor-toggle-icon-right\" aria-hidden=\"true\">\n\t\t\t\t\t\t\t\t\t\t\t\t\t\t\t<span class=\"elementor-toggle-icon-closed\"><svg class=\"e-font-icon-svg e-fas-caret-right\" viewbox=\"0 0 192 512\" xmlns=\"http:\/\/www.w3.org\/2000\/svg\"><path d=\"M0 384.662V127.338c0-17.818 21.543-26.741 34.142-14.142l128.662 128.662c7.81 7.81 7.81 20.474 0 28.284L34.142 398.804C21.543 411.404 0 402.48 0 384.662z\"><\/path><\/svg><\/span>\n\t\t\t\t\t\t\t\t<span class=\"elementor-toggle-icon-opened\"><svg class=\"elementor-toggle-icon-opened e-font-icon-svg e-fas-caret-up\" viewbox=\"0 0 320 512\" xmlns=\"http:\/\/www.w3.org\/2000\/svg\"><path d=\"M288.662 352H31.338c-17.818 0-26.741-21.543-14.142-34.142l128.662-128.662c7.81-7.81 20.474-7.81 28.284 0l128.662 128.662c12.6 12.599 3.676 34.142-14.142 34.142z\"><\/path><\/svg><\/span>\n\t\t\t\t\t\t\t\t\t\t\t\t\t<\/span>\n\t\t\t\t\t\t\t\t\t\t\t\t<a class=\"elementor-toggle-title\" tabindex=\"0\">Une bonne hygi\u00e8ne de la l\u00e9sion<\/a>\n\t\t\t\t\t<\/div>\n\n\t\t\t\t\t<div id=\"elementor-tab-content-1901\" class=\"elementor-tab-content elementor-clearfix\" data-tab=\"1\" role=\"region\" aria-labelledby=\"elementor-tab-title-1901\"><p>Afin de stimuler le processus de cicatrisation, la plaie doit tout d\u2019abord \u00eatre prise en charge ad\u00e9quatement. Nettoyage, d\u00e9sinfection, hydratation et application de pansements st\u00e9riles selon la cause et la gravit\u00e9 de la l\u00e9sion : la cicatrisation ne doit pas \u00eatre laiss\u00e9e au hasard.<\/p><\/div>\n\t\t\t\t<\/div>\n\t\t\t\t\t\t\t<div class=\"elementor-toggle-item\">\n\t\t\t\t\t<div id=\"elementor-tab-title-1902\" class=\"elementor-tab-title\" data-tab=\"2\" role=\"button\" aria-controls=\"elementor-tab-content-1902\" aria-expanded=\"false\">\n\t\t\t\t\t\t\t\t\t\t\t\t<span class=\"elementor-toggle-icon elementor-toggle-icon-right\" aria-hidden=\"true\">\n\t\t\t\t\t\t\t\t\t\t\t\t\t\t\t<span class=\"elementor-toggle-icon-closed\"><svg class=\"e-font-icon-svg e-fas-caret-right\" viewbox=\"0 0 192 512\" xmlns=\"http:\/\/www.w3.org\/2000\/svg\"><path d=\"M0 384.662V127.338c0-17.818 21.543-26.741 34.142-14.142l128.662 128.662c7.81 7.81 7.81 20.474 0 28.284L34.142 398.804C21.543 411.404 0 402.48 0 384.662z\"><\/path><\/svg><\/span>\n\t\t\t\t\t\t\t\t<span class=\"elementor-toggle-icon-opened\"><svg class=\"elementor-toggle-icon-opened e-font-icon-svg e-fas-caret-up\" viewbox=\"0 0 320 512\" xmlns=\"http:\/\/www.w3.org\/2000\/svg\"><path d=\"M288.662 352H31.338c-17.818 0-26.741-21.543-14.142-34.142l128.662-128.662c7.81-7.81 20.474-7.81 28.284 0l128.662 128.662c12.6 12.599 3.676 34.142-14.142 34.142z\"><\/path><\/svg><\/span>\n\t\t\t\t\t\t\t\t\t\t\t\t\t<\/span>\n\t\t\t\t\t\t\t\t\t\t\t\t<a class=\"elementor-toggle-title\" tabindex=\"0\">Une bonne protection solaire<\/a>\n\t\t\t\t\t<\/div>\n\n\t\t\t\t\t<div id=\"elementor-tab-content-1902\" class=\"elementor-tab-content elementor-clearfix\" data-tab=\"2\" role=\"region\" aria-labelledby=\"elementor-tab-title-1902\"><p>La peau nouvellement cr\u00e9e par le processus de cicatrisation est plus fine et plus jeune que sur le reste du corps; elle est donc plus sensible aux effets n\u00e9fastes du soleil. Afin de r\u00e9duire l\u2019apparence de la cicatrice, il est essentiel de prot\u00e9ger celle-ci des rayons UVA et UVB en appliquant un \u00e9cran solaire adapt\u00e9 et en la couvrant le plus possible jusqu\u2019\u00e0 compl\u00e8te cicatrisation.<\/p><\/div>\n\t\t\t\t<\/div>\n\t\t\t\t\t\t\t\t<\/div>\n\t\t\t\t\t\t<\/div>\n\t\t\t\t<\/div>\n\t\t\t\t<\/div>\n\t\t<div data-particle_enable=\"false\" data-particle-mobile-disabled=\"false\" class=\"elementor-element elementor-element-f8ec280 e-con-full e-flex e-con e-parent\" data-id=\"f8ec280\" data-element_type=\"container\" data-settings=\"{&quot;background_background&quot;:&quot;classic&quot;}\">\n\t\t\t\t<div class=\"elementor-element elementor-element-4f39fb9a elementor-widget elementor-widget-heading\" data-id=\"4f39fb9a\" data-element_type=\"widget\" data-widget_type=\"heading.default\">\n\t\t\t\t<div class=\"elementor-widget-container\">\n\t\t\t\t\t<h2 class=\"elementor-heading-title elementor-size-default\">How to treat?<\/h2>\t\t\t\t<\/div>\n\t\t\t\t<\/div>\n\t\t\t\t<\/div>\n\t\t<div data-particle_enable=\"false\" data-particle-mobile-disabled=\"false\" class=\"elementor-element elementor-element-3ea76af2 e-flex e-con-boxed e-con e-parent\" data-id=\"3ea76af2\" data-element_type=\"container\" data-settings=\"{&quot;background_background&quot;:&quot;classic&quot;}\">\n\t\t\t\t\t<div class=\"e-con-inner\">\n\t\t<div data-particle_enable=\"false\" data-particle-mobile-disabled=\"false\" class=\"elementor-element elementor-element-40b44919 e-con-full e-flex e-con e-child\" data-id=\"40b44919\" data-element_type=\"container\">\n\t\t\t\t<div class=\"elementor-element elementor-element-26c2e121 elementor-widget elementor-widget-image\" data-id=\"26c2e121\" data-element_type=\"widget\" data-widget_type=\"image.default\">\n\t\t\t\t<div class=\"elementor-widget-container\">\n\t\t\t\t\t\t\t\t\t\t\t\t\t\t\t<img decoding=\"async\" width=\"708\" height=\"421\" src=\"https:\/\/eve.kracmedia.com\/wp-content\/uploads\/2024\/02\/Laser_Fraxel-1024x683-1-708x421.jpg.webp\" class=\"attachment-full size-full wp-image-16225\" alt=\"\" srcset=\"https:\/\/eve.kracmedia.com\/wp-content\/uploads\/2024\/02\/Laser_Fraxel-1024x683-1-708x421.jpg.webp 708w, https:\/\/eve.kracmedia.com\/wp-content\/uploads\/2024\/02\/Laser_Fraxel-1024x683-1-708x421.jpg-400x238.webp 400w\" sizes=\"(max-width: 708px) 100vw, 708px\" \/>\t\t\t\t\t\t\t\t\t\t\t\t\t\t\t<\/div>\n\t\t\t\t<\/div>\n\t\t\t\t<\/div>\n\t\t<div data-particle_enable=\"false\" data-particle-mobile-disabled=\"false\" class=\"elementor-element elementor-element-2188ded2 e-con-full e-flex e-con e-child\" data-id=\"2188ded2\" data-element_type=\"container\">\n\t\t<div data-particle_enable=\"false\" data-particle-mobile-disabled=\"false\" class=\"elementor-element elementor-element-3dbb44e0 e-flex e-con-boxed e-con e-child\" data-id=\"3dbb44e0\" data-element_type=\"container\" data-settings=\"{&quot;background_background&quot;:&quot;classic&quot;}\">\n\t\t\t\t\t<div class=\"e-con-inner\">\n\t\t\t\t<div class=\"elementor-element elementor-element-67f902c9 elementor-widget elementor-widget-heading\" data-id=\"67f902c9\" data-element_type=\"widget\" data-widget_type=\"heading.default\">\n\t\t\t\t<div class=\"elementor-widget-container\">\n\t\t\t\t\t<h2 class=\"elementor-heading-title elementor-size-default\">Micro-aiguillage fractionn\u00e9s\n<\/h2>\t\t\t\t<\/div>\n\t\t\t\t<\/div>\n\t\t\t\t<div class=\"elementor-element elementor-element-4128f087 elementor-widget elementor-widget-heading\" data-id=\"4128f087\" data-element_type=\"widget\" data-widget_type=\"heading.default\">\n\t\t\t\t<div class=\"elementor-widget-container\">\n\t\t\t\t\t<h2 class=\"elementor-heading-title elementor-size-default\">Le relissage fractionn\u00e9 permet d\u2019am\u00e9liorer les probl\u00e9matiques de texture, de taches et de ridules. Cette proc\u00e9dure tr\u00e8s s\u00e9curitaire vise \u00e0 provoquer de micro-perforations dans le derme afin de pousser la peau \u00e0 les r\u00e9parer en produisant du nouveau collag\u00e8ne et en b\u00e2tissant une nouvelle structure cutan\u00e9e. La nouvelle peau ainsi form\u00e9e se combine \u00e0 la peau existante et att\u00e9nue ainsi l\u2019apparence des cicatrices, qu\u2019elles soient caus\u00e9es par un pass\u00e9 acn\u00e9ique, une blessure, le vieillissement ou un acte chirurgical.<\/h2>\t\t\t\t<\/div>\n\t\t\t\t<\/div>\n\t\t\t\t<div class=\"elementor-element elementor-element-2b123e2d elementor-align-center elementor-widget elementor-widget-button\" data-id=\"2b123e2d\" data-element_type=\"widget\" data-widget_type=\"button.default\">\n\t\t\t\t<div class=\"elementor-widget-container\">\n\t\t\t\t\t\t\t\t\t<div class=\"elementor-button-wrapper\">\n\t\t\t\t\t<a class=\"elementor-button elementor-button-link elementor-size-sm\" href=\"#Contactfooter\">\n\t\t\t\t\t\t<span class=\"elementor-button-content-wrapper\">\n\t\t\t\t\t\t\t\t\t<span class=\"elementor-button-text\">CONTACT US<\/span>\n\t\t\t\t\t<\/span>\n\t\t\t\t\t<\/a>\n\t\t\t\t<\/div>\n\t\t\t\t\t\t\t\t<\/div>\n\t\t\t\t<\/div>\n\t\t\t\t\t<\/div>\n\t\t\t\t<\/div>\n\t\t\t\t<\/div>\n\t\t\t\t\t<\/div>\n\t\t\t\t<\/div>\n\t\t\t\t<\/div>","protected":false},"excerpt":{"rendered":"<p>Les cicatrices, qu&rsquo;elles soient dues \u00e0 l&rsquo;acn\u00e9, une op\u00e9ration ou une blessure, ne devraient pas vous emp\u00eacher de vous sentir bien dans votre peau. \u00c0 Brossard, Eve Laser utilise des technologies de pointe pour att\u00e9nuer les cicatrices et restaurer la beaut\u00e9 naturelle de votre peau.<\/p>","protected":false},"author":4,"featured_media":0,"parent":0,"menu_order":0,"comment_status":"closed","ping_status":"closed","template":"elementor_header_footer","meta":{"_eb_attr":"","footnotes":""},"class_list":["post-16209","page","type-page","status-publish","hentry"],"_links":{"self":[{"href":"https:\/\/eve.kracmedia.com\/en\/wp-json\/wp\/v2\/pages\/16209","targetHints":{"allow":["GET"]}}],"collection":[{"href":"https:\/\/eve.kracmedia.com\/en\/wp-json\/wp\/v2\/pages"}],"about":[{"href":"https:\/\/eve.kracmedia.com\/en\/wp-json\/wp\/v2\/types\/page"}],"author":[{"embeddable":true,"href":"https:\/\/eve.kracmedia.com\/en\/wp-json\/wp\/v2\/users\/4"}],"replies":[{"embeddable":true,"href":"https:\/\/eve.kracmedia.com\/en\/wp-json\/wp\/v2\/comments?post=16209"}],"version-history":[{"count":0,"href":"https:\/\/eve.kracmedia.com\/en\/wp-json\/wp\/v2\/pages\/16209\/revisions"}],"wp:attachment":[{"href":"https:\/\/eve.kracmedia.com\/en\/wp-json\/wp\/v2\/media?parent=16209"}],"curies":[{"name":"wp","href":"https:\/\/api.w.org\/{rel}","templated":true}]}}