{"id":15739,"date":"2024-02-02T17:23:03","date_gmt":"2024-02-02T17:23:03","guid":{"rendered":"https:\/\/eve.kracmedia.com\/?page_id=15739"},"modified":"2024-05-15T13:38:09","modified_gmt":"2024-05-15T13:38:09","slug":"contactez-nous","status":"publish","type":"page","link":"https:\/\/eve.kracmedia.com\/en\/contactez-nous\/","title":{"rendered":"Contact us"},"content":{"rendered":"<div data-elementor-type=\"wp-page\" data-elementor-id=\"15739\" class=\"elementor elementor-15739\" data-elementor-post-type=\"page\">\n\t\t\t\t<div data-particle_enable=\"false\" data-particle-mobile-disabled=\"false\" class=\"elementor-element elementor-element-b5de6a1 e-con-full e-flex e-con e-parent\" data-id=\"b5de6a1\" data-element_type=\"container\" data-settings=\"{&quot;background_background&quot;:&quot;classic&quot;}\">\n\t\t\t\t<div class=\"elementor-element elementor-element-8b5eda4 e-transform elementor-widget elementor-widget-heading\" data-id=\"8b5eda4\" data-element_type=\"widget\" data-settings=\"{&quot;_transform_rotateZ_effect&quot;:{&quot;unit&quot;:&quot;px&quot;,&quot;size&quot;:-10,&quot;sizes&quot;:[]},&quot;_transform_rotateZ_effect_tablet&quot;:{&quot;unit&quot;:&quot;deg&quot;,&quot;size&quot;:&quot;&quot;,&quot;sizes&quot;:[]},&quot;_transform_rotateZ_effect_mobile&quot;:{&quot;unit&quot;:&quot;deg&quot;,&quot;size&quot;:&quot;&quot;,&quot;sizes&quot;:[]}}\" data-widget_type=\"heading.default\">\n\t\t\t\t<div class=\"elementor-widget-container\">\n\t\t\t\t\t<h2 class=\"elementor-heading-title elementor-size-default\">Contact us<\/h2>\t\t\t\t<\/div>\n\t\t\t\t<\/div>\n\t\t\t\t<\/div>\n\t\t<div data-particle_enable=\"false\" data-particle-mobile-disabled=\"false\" class=\"elementor-element elementor-element-b5a49e1 e-con-full e-flex e-con e-parent\" data-id=\"b5a49e1\" data-element_type=\"container\" data-settings=\"{&quot;background_background&quot;:&quot;classic&quot;}\">\n\t\t<div data-particle_enable=\"false\" data-particle-mobile-disabled=\"false\" class=\"elementor-element elementor-element-5914836 e-con-full e-flex e-con e-child\" data-id=\"5914836\" data-element_type=\"container\">\n\t\t\t\t<div class=\"elementor-element elementor-element-09d067e elementor-widget elementor-widget-heading\" data-id=\"09d067e\" data-element_type=\"widget\" data-widget_type=\"heading.default\">\n\t\t\t\t<div class=\"elementor-widget-container\">\n\t\t\t\t\t<h2 class=\"elementor-heading-title elementor-size-default\">TEXT US LIVE<\/h2>\t\t\t\t<\/div>\n\t\t\t\t<\/div>\n\t\t\t\t<div class=\"elementor-element elementor-element-8ab736e elementor-widget elementor-widget-text-editor\" data-id=\"8ab736e\" data-element_type=\"widget\" data-widget_type=\"text-editor.default\">\n\t\t\t\t<div class=\"elementor-widget-container\">\n\t\t\t\t\t\t\t\t\t<p><span style=\"vertical-align: inherit;\"><span style=\"vertical-align: inherit;\">If you have any questions or comments, you can also text us at (514)-217-5854! <\/span><\/span><\/p><p><span style=\"vertical-align: inherit;\"><span style=\"vertical-align: inherit;\">We are available to answer any questions you may have, so that you can feel confident about your treatment.<\/span><\/span><\/p><p><span style=\"vertical-align: inherit;\"><span style=\"vertical-align: inherit;\">If you already know which EVE service you'd like to schedule, go ahead and book your appointment directly.<\/span><\/span><\/p>\t\t\t\t\t\t\t\t<\/div>\n\t\t\t\t<\/div>\n\t\t\t\t<div class=\"elementor-element elementor-element-c143fc1 elementor-align-center elementor-widget elementor-widget-button\" data-id=\"c143fc1\" data-element_type=\"widget\" data-widget_type=\"button.default\">\n\t\t\t\t<div class=\"elementor-widget-container\">\n\t\t\t\t\t\t\t\t\t<div class=\"elementor-button-wrapper\">\n\t\t\t\t\t<a class=\"elementor-button elementor-button-link elementor-size-sm\" href=\"https:\/\/squareup.com\/appointments\/book\/14tbl76i2pgb84\/LERSBZH3M295G\/services?fbclid=IwAR3OM488yJ4AbmvNhbp5VjVzE8WbT2tliYIRTqrU7E6j3fYp0L_R0L_-tWY\" target=\"_blank\">\n\t\t\t\t\t\t<span class=\"elementor-button-content-wrapper\">\n\t\t\t\t\t\t\t\t\t<span class=\"elementor-button-text\">Make an appointment<\/span>\n\t\t\t\t\t<\/span>\n\t\t\t\t\t<\/a>\n\t\t\t\t<\/div>\n\t\t\t\t\t\t\t\t<\/div>\n\t\t\t\t<\/div>\n\t\t\t\t<\/div>\n\t\t<div data-particle_enable=\"false\" data-particle-mobile-disabled=\"false\" class=\"elementor-element elementor-element-70a1e3a e-con-full e-flex e-con e-child\" data-id=\"70a1e3a\" data-element_type=\"container\">\n\t\t\t\t<div class=\"elementor-element elementor-element-0fdca8a elementor-widget elementor-widget-image\" data-id=\"0fdca8a\" data-element_type=\"widget\" data-widget_type=\"image.default\">\n\t\t\t\t<div class=\"elementor-widget-container\">\n\t\t\t\t\t\t\t\t\t\t\t\t\t\t\t<img fetchpriority=\"high\" decoding=\"async\" width=\"634\" height=\"793\" src=\"https:\/\/eve.kracmedia.com\/wp-content\/uploads\/2024\/02\/UIbMAF7.png\" class=\"attachment-large size-large wp-image-16791\" alt=\"\" srcset=\"https:\/\/eve.kracmedia.com\/wp-content\/uploads\/2024\/02\/UIbMAF7.png 634w, https:\/\/eve.kracmedia.com\/wp-content\/uploads\/2024\/02\/UIbMAF7-240x300.png 240w\" sizes=\"(max-width: 634px) 100vw, 634px\" \/>\t\t\t\t\t\t\t\t\t\t\t\t\t\t\t<\/div>\n\t\t\t\t<\/div>\n\t\t\t\t<\/div>\n\t\t\t\t<\/div>\n\t\t<div data-particle_enable=\"false\" data-particle-mobile-disabled=\"false\" class=\"elementor-element elementor-element-38a7bda e-con-full e-flex e-con e-parent\" data-id=\"38a7bda\" data-element_type=\"container\" data-settings=\"{&quot;background_background&quot;:&quot;classic&quot;}\">\n\t\t\t\t<div class=\"elementor-element elementor-element-2c9cd60 elementor-widget elementor-widget-google_maps\" data-id=\"2c9cd60\" data-element_type=\"widget\" data-widget_type=\"google_maps.default\">\n\t\t\t\t<div class=\"elementor-widget-container\">\n\t\t\t\t\t\t\t<div class=\"elementor-custom-embed\">\n\t\t\t<iframe loading=\"lazy\"\n\t\t\t\t\tsrc=\"https:\/\/maps.google.com\/maps?q=eve%20laser&#038;t=m&#038;z=12&#038;output=embed&#038;iwloc=near\"\n\t\t\t\t\ttitle=\"eve laser\"\n\t\t\t\t\taria-label=\"eve laser\"\n\t\t\t><\/iframe>\n\t\t<\/div>\n\t\t\t\t\t\t<\/div>\n\t\t\t\t<\/div>\n\t\t<div data-particle_enable=\"false\" data-particle-mobile-disabled=\"false\" class=\"elementor-element elementor-element-d54c904 e-con-full e-flex e-con e-child\" data-id=\"d54c904\" data-element_type=\"container\">\n\t\t<div data-particle_enable=\"false\" data-particle-mobile-disabled=\"false\" class=\"elementor-element elementor-element-0150cd2 e-con-full e-flex e-con e-child\" data-id=\"0150cd2\" data-element_type=\"container\" data-settings=\"{&quot;background_background&quot;:&quot;classic&quot;}\">\n\t\t\t\t<div class=\"elementor-element elementor-element-a4619cc elementor-widget elementor-widget-heading\" data-id=\"a4619cc\" data-element_type=\"widget\" data-widget_type=\"heading.default\">\n\t\t\t\t<div class=\"elementor-widget-container\">\n\t\t\t\t\t<h2 class=\"elementor-heading-title elementor-size-default\">Consult our schedule<\/h2>\t\t\t\t<\/div>\n\t\t\t\t<\/div>\n\t\t\t\t<div class=\"elementor-element elementor-element-711ce9a elementor-widget elementor-widget-text-editor\" data-id=\"711ce9a\" data-element_type=\"widget\" data-widget_type=\"text-editor.default\">\n\t\t\t\t<div class=\"elementor-widget-container\">\n\t\t\t\t\t\t\t\t\t<div class=\"flex-1 overflow-hidden\"><div class=\"react-scroll-to-bottom--css-ddpan-79elbk h-full\"><div class=\"react-scroll-to-bottom--css-ddpan-1n7m0yu\"><div class=\"flex flex-col text-sm pb-9\"><div class=\"w-full text-token-text-primary\" data-testid=\"conversation-turn-27\"><div class=\"px-4 py-2 justify-center text-base md:gap-6 m-auto\"><div class=\"flex flex-1 text-base mx-auto gap-3 md:px-5 lg:px-1 xl:px-5 md:max-w-3xl lg:max-w-[40rem] xl:max-w-[48rem] group final-completion\"><div class=\"relative flex w-full flex-col agent-turn\"><div class=\"flex-col gap-1 md:gap-3\"><div class=\"flex flex-grow flex-col max-w-full\"><div class=\"min-h-[20px] text-message flex flex-col items-start gap-3 whitespace-pre-wrap break-words [.text-message+&amp;]:mt-5 overflow-x-auto\" data-message-author-role=\"assistant\" data-message-id=\"53c3a25f-684a-48a8-b92a-0ef97e0e9d7a\"><div class=\"markdown prose w-full break-words dark:prose-invert dark\"><p>We are open by appointment only, Monday to Saturday:<\/p><p>Monday: 9 a.m. to 7 p.m.<br \/>Tuesday: 9 am to 7 pm<br \/>Wednesday: 9 a.m. to 8 p.m.<br \/>Thursday: 9 a.m. to 8 p.m.<br \/>Friday: 9 a.m. to 6 p.m.<br \/>Saturday: 9 a.m. to 5 p.m.<br \/>Sunday: Closed<\/p><\/div><\/div><\/div><\/div><\/div><\/div><\/div><\/div><\/div><\/div><\/div><\/div>\t\t\t\t\t\t\t\t<\/div>\n\t\t\t\t<\/div>\n\t\t\t\t<\/div>\n\t\t\t\t<\/div>\n\t\t\t\t<\/div>\n\t\t<div data-particle_enable=\"false\" data-particle-mobile-disabled=\"false\" class=\"elementor-element elementor-element-de759da e-flex e-con-boxed e-con e-parent\" data-id=\"de759da\" data-element_type=\"container\">\n\t\t\t\t\t<div class=\"e-con-inner\">\n\t\t\t\t<div class=\"elementor-element elementor-element-040c771 e-transform e-transform elementor-widget elementor-widget-heading\" data-id=\"040c771\" data-element_type=\"widget\" data-settings=\"{&quot;_transform_rotateZ_effect&quot;:{&quot;unit&quot;:&quot;px&quot;,&quot;size&quot;:-10,&quot;sizes&quot;:[]},&quot;_transform_translateY_effect&quot;:{&quot;unit&quot;:&quot;px&quot;,&quot;size&quot;:-37,&quot;sizes&quot;:[]},&quot;_transform_rotateZ_effect_tablet&quot;:{&quot;unit&quot;:&quot;deg&quot;,&quot;size&quot;:&quot;&quot;,&quot;sizes&quot;:[]},&quot;_transform_rotateZ_effect_mobile&quot;:{&quot;unit&quot;:&quot;deg&quot;,&quot;size&quot;:&quot;&quot;,&quot;sizes&quot;:[]},&quot;_transform_translateX_effect&quot;:{&quot;unit&quot;:&quot;px&quot;,&quot;size&quot;:&quot;&quot;,&quot;sizes&quot;:[]},&quot;_transform_translateX_effect_tablet&quot;:{&quot;unit&quot;:&quot;px&quot;,&quot;size&quot;:&quot;&quot;,&quot;sizes&quot;:[]},&quot;_transform_translateX_effect_mobile&quot;:{&quot;unit&quot;:&quot;px&quot;,&quot;size&quot;:&quot;&quot;,&quot;sizes&quot;:[]},&quot;_transform_translateY_effect_tablet&quot;:{&quot;unit&quot;:&quot;px&quot;,&quot;size&quot;:&quot;&quot;,&quot;sizes&quot;:[]},&quot;_transform_translateY_effect_mobile&quot;:{&quot;unit&quot;:&quot;px&quot;,&quot;size&quot;:&quot;&quot;,&quot;sizes&quot;:[]}}\" data-widget_type=\"heading.default\">\n\t\t\t\t<div class=\"elementor-widget-container\">\n\t\t\t\t\t<h2 class=\"elementor-heading-title elementor-size-default\">Have we answered your questions?<\/h2>\t\t\t\t<\/div>\n\t\t\t\t<\/div>\n\t\t\t\t<div class=\"elementor-element elementor-element-7a790c7 elementor-widget elementor-widget-text-editor\" data-id=\"7a790c7\" data-element_type=\"widget\" data-widget_type=\"text-editor.default\">\n\t\t\t\t<div class=\"elementor-widget-container\">\n\t\t\t\t\t\t\t\t\t<p>Not sure if you're a good candidate for laser treatment? Worried about treatment side effects?<\/p><p>See our <a href=\"https:\/\/eve.kracmedia.com\/en\/faq\/\">FAQ<\/a> to see if we've already answered your question.<\/p>\t\t\t\t\t\t\t\t<\/div>\n\t\t\t\t<\/div>\n\t\t\t\t\t<\/div>\n\t\t\t\t<\/div>\n\t\t\t\t<\/div>","protected":false},"excerpt":{"rendered":"<p>Chez Eve Laser \u00e0 Brossard, nous sommes d\u00e9di\u00e9s \u00e0 vous fournir les meilleurs services de beaut\u00e9, de l&rsquo;\u00e9pilation laser au lash lift. Contactez-nous pour discuter de vos besoins et comment nous pouvons vous aider \u00e0 vous sentir et \u00e0 para\u00eetre \u00e0 votre meilleur.<\/p>","protected":false},"author":4,"featured_media":0,"parent":0,"menu_order":0,"comment_status":"closed","ping_status":"closed","template":"elementor_header_footer","meta":{"_eb_attr":"","footnotes":""},"class_list":["post-15739","page","type-page","status-publish","hentry"],"_links":{"self":[{"href":"https:\/\/eve.kracmedia.com\/en\/wp-json\/wp\/v2\/pages\/15739","targetHints":{"allow":["GET"]}}],"collection":[{"href":"https:\/\/eve.kracmedia.com\/en\/wp-json\/wp\/v2\/pages"}],"about":[{"href":"https:\/\/eve.kracmedia.com\/en\/wp-json\/wp\/v2\/types\/page"}],"author":[{"embeddable":true,"href":"https:\/\/eve.kracmedia.com\/en\/wp-json\/wp\/v2\/users\/4"}],"replies":[{"embeddable":true,"href":"https:\/\/eve.kracmedia.com\/en\/wp-json\/wp\/v2\/comments?post=15739"}],"version-history":[{"count":0,"href":"https:\/\/eve.kracmedia.com\/en\/wp-json\/wp\/v2\/pages\/15739\/revisions"}],"wp:attachment":[{"href":"https:\/\/eve.kracmedia.com\/en\/wp-json\/wp\/v2\/media?parent=15739"}],"curies":[{"name":"wp","href":"https:\/\/api.w.org\/{rel}","templated":true}]}}